{"id":119,"date":"2016-06-10T13:34:36","date_gmt":"2016-06-10T13:34:36","guid":{"rendered":"https:\/\/www.kisallatkorhaz.hu\/cms\/?page_id=119"},"modified":"2023-11-03T08:44:41","modified_gmt":"2023-11-03T07:44:41","slug":"szemeszeti-szakrendeles","status":"publish","type":"page","link":"https:\/\/www.kisallatkorhaz.hu\/cms\/szolgaltatasaink\/szemeszeti-szakrendeles\/","title":{"rendered":"Szem\u00e9szeti szakrendel\u00e9s"},"content":{"rendered":"<p>[et_pb_section fb_built=&#8221;1&#8243; fullwidth=&#8221;on&#8221; admin_label=&#8221;section&#8221; _builder_version=&#8221;4.16&#8243; global_colors_info=&#8221;{}&#8221;][et_pb_fullwidth_slider show_arrows=&#8221;off&#8221; show_pagination=&#8221;off&#8221; admin_label=&#8221;Teljes sz\u00e9less\u00e9g? lapoz\u00f3&#8221; _builder_version=&#8221;4.16&#8243; custom_padding=&#8221;|||&#8221; custom_padding_tablet=&#8221;|||&#8221; custom_padding_phone=&#8221;|||&#8221; remove_inner_shadow=&#8221;on&#8221; hide_content_on_mobile=&#8221;off&#8221; hide_cta_on_mobile=&#8221;off&#8221; show_inner_shadow=&#8221;off&#8221; button_letter_spacing_hover=&#8221;0&#8243; global_colors_info=&#8221;{}&#8221; button_text_size__hover_enabled=&#8221;off&#8221; button_one_text_size__hover_enabled=&#8221;off&#8221; button_two_text_size__hover_enabled=&#8221;off&#8221; button_text_color__hover_enabled=&#8221;off&#8221; button_one_text_color__hover_enabled=&#8221;off&#8221; button_two_text_color__hover_enabled=&#8221;off&#8221; button_border_width__hover_enabled=&#8221;off&#8221; button_one_border_width__hover_enabled=&#8221;off&#8221; button_two_border_width__hover_enabled=&#8221;off&#8221; button_border_color__hover_enabled=&#8221;off&#8221; button_one_border_color__hover_enabled=&#8221;off&#8221; button_two_border_color__hover_enabled=&#8221;off&#8221; button_border_radius__hover_enabled=&#8221;off&#8221; button_one_border_radius__hover_enabled=&#8221;off&#8221; button_two_border_radius__hover_enabled=&#8221;off&#8221; button_letter_spacing__hover_enabled=&#8221;on&#8221; button_letter_spacing__hover=&#8221;0&#8243; button_one_letter_spacing__hover_enabled=&#8221;off&#8221; button_two_letter_spacing__hover_enabled=&#8221;off&#8221; button_bg_color__hover_enabled=&#8221;off&#8221; button_one_bg_color__hover_enabled=&#8221;off&#8221; button_two_bg_color__hover_enabled=&#8221;off&#8221;][et_pb_slide _builder_version=&#8221;4.16&#8243; background_color=&#8221;#ffffff&#8221; background_image=&#8221;https:\/\/www.kisallatkorhaz.hu\/cms\/wp-content\/uploads\/veteye.jpg&#8221; button_icon_placement=&#8221;right&#8221; button_on_hover=&#8221;on&#8221; global_colors_info=&#8221;{}&#8221; button_text_size__hover_enabled=&#8221;off&#8221; button_one_text_size__hover_enabled=&#8221;off&#8221; button_two_text_size__hover_enabled=&#8221;off&#8221; button_text_color__hover_enabled=&#8221;off&#8221; button_one_text_color__hover_enabled=&#8221;off&#8221; button_two_text_color__hover_enabled=&#8221;off&#8221; button_border_width__hover_enabled=&#8221;off&#8221; button_one_border_width__hover_enabled=&#8221;off&#8221; button_two_border_width__hover_enabled=&#8221;off&#8221; button_border_color__hover_enabled=&#8221;off&#8221; button_one_border_color__hover_enabled=&#8221;off&#8221; button_two_border_color__hover_enabled=&#8221;off&#8221; button_border_radius__hover_enabled=&#8221;off&#8221; button_one_border_radius__hover_enabled=&#8221;off&#8221; button_two_border_radius__hover_enabled=&#8221;off&#8221; button_letter_spacing__hover_enabled=&#8221;off&#8221; button_one_letter_spacing__hover_enabled=&#8221;off&#8221; button_two_letter_spacing__hover_enabled=&#8221;off&#8221; button_bg_color__hover_enabled=&#8221;off&#8221; button_one_bg_color__hover_enabled=&#8221;off&#8221; button_two_bg_color__hover_enabled=&#8221;off&#8221; sticky_transition=&#8221;on&#8221;][\/et_pb_slide][\/et_pb_fullwidth_slider][\/et_pb_section][et_pb_section fb_built=&#8221;1&#8243; admin_label=&#8221;section&#8221; _builder_version=&#8221;4.16&#8243; global_colors_info=&#8221;{}&#8221;][et_pb_row column_structure=&#8221;1_3,2_3&#8243; admin_label=&#8221;row&#8221; _builder_version=&#8221;4.16&#8243; background_size=&#8221;initial&#8221; background_position=&#8221;top_left&#8221; background_repeat=&#8221;repeat&#8221; global_colors_info=&#8221;{}&#8221;][et_pb_column type=&#8221;1_3&#8243; _builder_version=&#8221;4.16&#8243; custom_padding=&#8221;|||&#8221; global_colors_info=&#8221;{}&#8221; custom_padding__hover=&#8221;|||&#8221;][et_pb_image src=&#8221;https:\/\/www.kisallatkorhaz.hu\/cms\/wp-content\/uploads\/dr_kisgergely_judit.jpg&#8221; title_text=&#8221;Dr. Kisgergely Judit kezel\u00e9s k\u00f6zben&#8221; force_fullwidth=&#8221;on&#8221; align_tablet=&#8221;center&#8221; align_phone=&#8221;center&#8221; align_last_edited=&#8221;on|desktop&#8221; admin_label=&#8221;K\u00e9p&#8221; _builder_version=&#8221;4.16&#8243; animation_style=&#8221;slide&#8221; animation_direction=&#8221;left&#8221; animation_duration=&#8221;500ms&#8221; animation_intensity_slide=&#8221;10%&#8221; border_width_all=&#8221;0px&#8221; border_color_all=&#8221;#ffffff&#8221; border_style_all=&#8221;solid&#8221; animation=&#8221;left&#8221; sticky=&#8221;off&#8221; use_border_color=&#8221;on&#8221; border_color=&#8221;#ffffff&#8221; border_style=&#8221;solid&#8221; always_center_on_mobile=&#8221;on&#8221; global_colors_info=&#8221;{}&#8221;] [\/et_pb_image][et_pb_text admin_label=&#8221;Sz\u00f6veg&#8221; _builder_version=&#8221;4.16&#8243; background_size=&#8221;initial&#8221; background_position=&#8221;top_left&#8221; background_repeat=&#8221;repeat&#8221; use_border_color=&#8221;off&#8221; border_color=&#8221;#ffffff&#8221; border_style=&#8221;solid&#8221; global_colors_info=&#8221;{}&#8221;]<strong>Dr Kisgergely Judit<br \/>\n<\/strong>szem\u00e9sz specialista<br \/>\nKlinikus szak\u00e1llatorvos, a Kis\u00e1llat Szem\u00e9szeti Egyes\u00fclet egyik alap\u00edt\u00f3 tagja.<br \/>\n[\/et_pb_text][\/et_pb_column][et_pb_column type=&#8221;2_3&#8243; _builder_version=&#8221;4.16&#8243; custom_padding=&#8221;|||&#8221; global_colors_info=&#8221;{}&#8221; custom_padding__hover=&#8221;|||&#8221;][et_pb_text admin_label=&#8221;Sz\u00f6veg&#8221; _builder_version=&#8221;4.16&#8243; background_size=&#8221;initial&#8221; background_position=&#8221;top_left&#8221; background_repeat=&#8221;repeat&#8221; use_border_color=&#8221;off&#8221; border_color=&#8221;#ffffff&#8221; border_style=&#8221;solid&#8221; global_colors_info=&#8221;{}&#8221;]<\/p>\n<h1>Szem\u00e9szeti szakrendel\u00e9s<\/h1>\n<p>Rendel\u0151int\u00e9zet\u00fcnkben a speci\u00e1lis szem\u00e9szeti eseteket \u00e9s a vizsg\u00e1latokat (p\u00e9ld\u00e1ul k\u00f6nnytermel\u00e9s-m\u00e9r\u00e9s, szemnyom\u00e1s m\u00e9r\u00e9s, szemfen\u00e9kvizsg\u00e1lat, stb.) tov\u00e1bb\u00e1 szem\u00e9szeti m\u0171t\u00e9teket (p\u00e9ld\u00e1ul harmadik szemh\u00e9j el\u0151es\u00e9s, szaruh\u00e1rtya traum\u00e1s s\u00e9r\u00fcl\u00e9seinek, illetve fek\u00e9lyeknek m\u0171t\u00e9ti megold\u00e1sa, k\u00f6nnycsatorna tiszt\u00edt\u00e1sa, stb.) szem\u00e9sz \u00e1llatorvos koll\u00e9g\u00e1nk v\u00e9gzi.<\/p>\n<p><strong>Teljes k\u00f6r\u0171 szem\u00e9szeti diagnosztikai m\u0171szerezetts\u00e9g:<\/strong><br \/>\n&#8211; r\u00e9sl\u00e1mpa<br \/>\n&#8211; funduskamera (szemfen\u00e9k vizsg\u00e1lat)<br \/>\n&#8211; TONOPEN szemnyom\u00e1sm\u00e9r\u0151<br \/>\n&#8211; gonioscopia (z\u00f6ldh\u00e1lyog sz\u0171r\u00e9s)<br \/>\n&#8211; szem\u00e9szeti ultrahang<br \/>\n&#8211; ERG k\u00e9sz\u00fcl\u00e9k (elektroretinogr\u00e1f, idegh\u00e1rtya megbeteged\u00e9seinek vizsg\u00e1lata)<br \/>\n&#8211; szem\u00e9szeti sz\u0171r\u0151vizsg\u00e1latok (PRA, stb)<\/p>\n<p><em>T\u00f6bb\u00e9ves szem\u00e9szeti szakmai gyakorlat.<\/em><\/p>\n<p><strong>Szem\u00e9szeti m\u0171t\u00e9tek:<\/strong><br \/>\n&#8211; korrekci\u00f3s m\u0171t\u00e9tek (szemh\u00e9j, orrh\u00e1ti red\u0151, homloklebeny, harmadik szemh\u00e9j)<br \/>\n&#8211; k\u00f6nnytermel\u0151-, \u00e9s k\u00f6nnyelvezet\u0151 rendszert \u00e9rint\u0151 m\u0171t\u00e9tek<br \/>\n(harmadik szemh\u00e9j mirigy, k\u00f6nnycsatorna, k\u00f6nnypontok)<br \/>\n&#8211; szaruh\u00e1rtyas\u00e9r\u00fcl\u00e9sek, fek\u00e9lyek, szaruh\u00e1rtya megbeteged\u00e9seinek<br \/>\nm\u0171t\u00e9ti ell\u00e1t\u00e1sa<br \/>\n&#8211; glaucoma (&#8222;z\u00f6ldh\u00e1lyog&#8221;) m\u0171t\u00e9ti ell\u00e1t\u00e1sa<br \/>\n&#8211; intrascleralis protesis (&#8222;m\u0171szem&#8221;) behelyez\u00e9se<br \/>\n&#8211; oper\u00e1bilis szemk\u00f6rny\u00e9ket, illetve szemet \u00e9rint\u0151 daganatok m\u0171t\u00e9ti<br \/>\nelt\u00e1vol\u00edt\u00e1sa<br \/>\n[\/et_pb_text][\/et_pb_column][\/et_pb_row][et_pb_row column_structure=&#8221;1_3,1_3,1_3&#8243; _builder_version=&#8221;4.18.0&#8243; _module_preset=&#8221;default&#8221; global_colors_info=&#8221;{}&#8221;][et_pb_column type=&#8221;1_3&#8243; _builder_version=&#8221;4.18.0&#8243; _module_preset=&#8221;default&#8221; global_colors_info=&#8221;{}&#8221;][et_pb_image src=&#8221;https:\/\/www.kisallatkorhaz.hu\/cms\/wp-content\/uploads\/1-9-scaled.jpg&#8221; title_text=&#8221;1&#8243; show_in_lightbox=&#8221;on&#8221; _builder_version=&#8221;4.18.0&#8243; _module_preset=&#8221;default&#8221; global_colors_info=&#8221;{}&#8221;][\/et_pb_image][\/et_pb_column][et_pb_column type=&#8221;1_3&#8243; _builder_version=&#8221;4.18.0&#8243; _module_preset=&#8221;default&#8221; global_colors_info=&#8221;{}&#8221;][et_pb_image src=&#8221;https:\/\/www.kisallatkorhaz.hu\/cms\/wp-content\/uploads\/2-7-scaled.jpg&#8221; title_text=&#8221;2&#8243; show_in_lightbox=&#8221;on&#8221; _builder_version=&#8221;4.18.0&#8243; _module_preset=&#8221;default&#8221; global_colors_info=&#8221;{}&#8221;][\/et_pb_image][\/et_pb_column][et_pb_column type=&#8221;1_3&#8243; _builder_version=&#8221;4.18.0&#8243; _module_preset=&#8221;default&#8221; global_colors_info=&#8221;{}&#8221;][et_pb_image src=&#8221;https:\/\/www.kisallatkorhaz.hu\/cms\/wp-content\/uploads\/3-7-scaled.jpg&#8221; title_text=&#8221;3&#8243; show_in_lightbox=&#8221;on&#8221; _builder_version=&#8221;4.18.0&#8243; _module_preset=&#8221;default&#8221; global_colors_info=&#8221;{}&#8221;][\/et_pb_image][\/et_pb_column][\/et_pb_row][et_pb_row column_structure=&#8221;1_3,1_3,1_3&#8243; _builder_version=&#8221;4.18.0&#8243; _module_preset=&#8221;default&#8221; global_colors_info=&#8221;{}&#8221;][et_pb_column type=&#8221;1_3&#8243; _builder_version=&#8221;4.18.0&#8243; _module_preset=&#8221;default&#8221; global_colors_info=&#8221;{}&#8221;][et_pb_image src=&#8221;https:\/\/www.kisallatkorhaz.hu\/cms\/wp-content\/uploads\/4-6-scaled.jpg&#8221; title_text=&#8221;4&#8243; show_in_lightbox=&#8221;on&#8221; _builder_version=&#8221;4.18.0&#8243; _module_preset=&#8221;default&#8221; global_colors_info=&#8221;{}&#8221;][\/et_pb_image][\/et_pb_column][et_pb_column type=&#8221;1_3&#8243; _builder_version=&#8221;4.18.0&#8243; _module_preset=&#8221;default&#8221; global_colors_info=&#8221;{}&#8221;][et_pb_image src=&#8221;https:\/\/www.kisallatkorhaz.hu\/cms\/wp-content\/uploads\/5-6-scaled.jpg&#8221; title_text=&#8221;5&#8243; show_in_lightbox=&#8221;on&#8221; _builder_version=&#8221;4.18.0&#8243; _module_preset=&#8221;default&#8221; global_colors_info=&#8221;{}&#8221;][\/et_pb_image][\/et_pb_column][et_pb_column type=&#8221;1_3&#8243; _builder_version=&#8221;4.18.0&#8243; _module_preset=&#8221;default&#8221; global_colors_info=&#8221;{}&#8221;][et_pb_image src=&#8221;https:\/\/www.kisallatkorhaz.hu\/cms\/wp-content\/uploads\/6-4-scaled.jpg&#8221; title_text=&#8221;6&#8243; show_in_lightbox=&#8221;on&#8221; _builder_version=&#8221;4.18.0&#8243; _module_preset=&#8221;default&#8221; hover_enabled=&#8221;0&#8243; global_colors_info=&#8221;{}&#8221; sticky_enabled=&#8221;0&#8243;][\/et_pb_image][\/et_pb_column][\/et_pb_row][\/et_pb_section]<\/p>\n","protected":false},"excerpt":{"rendered":"<p>Dr Kisgergely Judit szem\u00e9sz specialista Klinikus szak\u00e1llatorvos, a Kis\u00e1llat Szem\u00e9szeti Egyes\u00fclet egyik alap\u00edt\u00f3 tagja. Szem\u00e9szeti szakrendel\u00e9s Rendel\u0151int\u00e9zet\u00fcnkben a speci\u00e1lis szem\u00e9szeti eseteket \u00e9s a vizsg\u00e1latokat (p\u00e9ld\u00e1ul k\u00f6nnytermel\u00e9s-m\u00e9r\u00e9s, szemnyom\u00e1s m\u00e9r\u00e9s, szemfen\u00e9kvizsg\u00e1lat, stb.) tov\u00e1bb\u00e1 szem\u00e9szeti m\u0171t\u00e9teket (p\u00e9ld\u00e1ul harmadik szemh\u00e9j el\u0151es\u00e9s, szaruh\u00e1rtya traum\u00e1s s\u00e9r\u00fcl\u00e9seinek, illetve fek\u00e9lyeknek m\u0171t\u00e9ti megold\u00e1sa, k\u00f6nnycsatorna tiszt\u00edt\u00e1sa, stb.) szem\u00e9sz \u00e1llatorvos koll\u00e9g\u00e1nk v\u00e9gzi. Teljes k\u00f6r\u0171 szem\u00e9szeti diagnosztikai [&hellip;]<\/p>\n","protected":false},"author":1,"featured_media":0,"parent":88,"menu_order":0,"comment_status":"closed","ping_status":"closed","template":"","meta":{"_et_pb_use_builder":"on","_et_pb_old_content":"","_et_gb_content_width":"","two_page_speed":[],"footnotes":""},"class_list":["post-119","page","type-page","status-publish","hentry"],"_links":{"self":[{"href":"https:\/\/www.kisallatkorhaz.hu\/cms\/wp-json\/wp\/v2\/pages\/119","targetHints":{"allow":["GET"]}}],"collection":[{"href":"https:\/\/www.kisallatkorhaz.hu\/cms\/wp-json\/wp\/v2\/pages"}],"about":[{"href":"https:\/\/www.kisallatkorhaz.hu\/cms\/wp-json\/wp\/v2\/types\/page"}],"author":[{"embeddable":true,"href":"https:\/\/www.kisallatkorhaz.hu\/cms\/wp-json\/wp\/v2\/users\/1"}],"replies":[{"embeddable":true,"href":"https:\/\/www.kisallatkorhaz.hu\/cms\/wp-json\/wp\/v2\/comments?post=119"}],"version-history":[{"count":10,"href":"https:\/\/www.kisallatkorhaz.hu\/cms\/wp-json\/wp\/v2\/pages\/119\/revisions"}],"predecessor-version":[{"id":32100,"href":"https:\/\/www.kisallatkorhaz.hu\/cms\/wp-json\/wp\/v2\/pages\/119\/revisions\/32100"}],"up":[{"embeddable":true,"href":"https:\/\/www.kisallatkorhaz.hu\/cms\/wp-json\/wp\/v2\/pages\/88"}],"wp:attachment":[{"href":"https:\/\/www.kisallatkorhaz.hu\/cms\/wp-json\/wp\/v2\/media?parent=119"}],"curies":[{"name":"wp","href":"https:\/\/api.w.org\/{rel}","templated":true}]}}