{"id":160,"date":"2016-06-10T14:47:15","date_gmt":"2016-06-10T14:47:15","guid":{"rendered":"https:\/\/www.kisallatkorhaz.hu\/cms\/?page_id=160"},"modified":"2025-06-19T09:10:57","modified_gmt":"2025-06-19T07:10:57","slug":"allatpatika","status":"publish","type":"page","link":"https:\/\/www.kisallatkorhaz.hu\/cms\/szolgaltatasaink\/allatpatika\/","title":{"rendered":"\u00c1llatpatika"},"content":{"rendered":"<p>[et_pb_section fb_built=&#8221;1&#8243; fullwidth=&#8221;on&#8221; admin_label=&#8221;section&#8221; _builder_version=&#8221;4.16&#8243; global_colors_info=&#8221;{}&#8221;][et_pb_fullwidth_slider show_arrows=&#8221;off&#8221; show_pagination=&#8221;off&#8221; admin_label=&#8221;Teljes sz\u00e9less\u00e9g? lapoz\u00f3&#8221; _builder_version=&#8221;4.16&#8243; custom_padding=&#8221;|||&#8221; custom_padding_tablet=&#8221;|||&#8221; custom_padding_phone=&#8221;|||&#8221; remove_inner_shadow=&#8221;on&#8221; hide_content_on_mobile=&#8221;off&#8221; hide_cta_on_mobile=&#8221;off&#8221; show_inner_shadow=&#8221;off&#8221; button_letter_spacing_hover=&#8221;0&#8243; global_colors_info=&#8221;{}&#8221; button_text_size__hover_enabled=&#8221;off&#8221; button_one_text_size__hover_enabled=&#8221;off&#8221; button_two_text_size__hover_enabled=&#8221;off&#8221; button_text_color__hover_enabled=&#8221;off&#8221; button_one_text_color__hover_enabled=&#8221;off&#8221; button_two_text_color__hover_enabled=&#8221;off&#8221; button_border_width__hover_enabled=&#8221;off&#8221; button_one_border_width__hover_enabled=&#8221;off&#8221; button_two_border_width__hover_enabled=&#8221;off&#8221; button_border_color__hover_enabled=&#8221;off&#8221; button_one_border_color__hover_enabled=&#8221;off&#8221; button_two_border_color__hover_enabled=&#8221;off&#8221; button_border_radius__hover_enabled=&#8221;off&#8221; button_one_border_radius__hover_enabled=&#8221;off&#8221; button_two_border_radius__hover_enabled=&#8221;off&#8221; button_letter_spacing__hover_enabled=&#8221;on&#8221; button_letter_spacing__hover=&#8221;0&#8243; button_one_letter_spacing__hover_enabled=&#8221;off&#8221; button_two_letter_spacing__hover_enabled=&#8221;off&#8221; button_bg_color__hover_enabled=&#8221;off&#8221; button_one_bg_color__hover_enabled=&#8221;off&#8221; button_two_bg_color__hover_enabled=&#8221;off&#8221;][et_pb_slide _builder_version=&#8221;4.16&#8243; background_color=&#8221;#ffffff&#8221; background_image=&#8221;https:\/\/www.kisallatkorhaz.hu\/cms\/wp-content\/uploads\/DSC_0051_1500x1000.jpg&#8221; button_icon_placement=&#8221;right&#8221; button_on_hover=&#8221;on&#8221; global_colors_info=&#8221;{}&#8221; sticky_transition=&#8221;on&#8221; button_text_size__hover_enabled=&#8221;off&#8221; button_one_text_size__hover_enabled=&#8221;off&#8221; button_two_text_size__hover_enabled=&#8221;off&#8221; button_text_color__hover_enabled=&#8221;off&#8221; button_one_text_color__hover_enabled=&#8221;off&#8221; button_two_text_color__hover_enabled=&#8221;off&#8221; button_border_width__hover_enabled=&#8221;off&#8221; button_one_border_width__hover_enabled=&#8221;off&#8221; button_two_border_width__hover_enabled=&#8221;off&#8221; button_border_color__hover_enabled=&#8221;off&#8221; button_one_border_color__hover_enabled=&#8221;off&#8221; button_two_border_color__hover_enabled=&#8221;off&#8221; button_border_radius__hover_enabled=&#8221;off&#8221; button_one_border_radius__hover_enabled=&#8221;off&#8221; button_two_border_radius__hover_enabled=&#8221;off&#8221; button_letter_spacing__hover_enabled=&#8221;off&#8221; button_one_letter_spacing__hover_enabled=&#8221;off&#8221; button_two_letter_spacing__hover_enabled=&#8221;off&#8221; button_bg_color__hover_enabled=&#8221;off&#8221; button_one_bg_color__hover_enabled=&#8221;off&#8221; button_two_bg_color__hover_enabled=&#8221;off&#8221;][\/et_pb_slide][\/et_pb_fullwidth_slider][\/et_pb_section][et_pb_section fb_built=&#8221;1&#8243; admin_label=&#8221;section&#8221; _builder_version=&#8221;4.16&#8243; global_colors_info=&#8221;{}&#8221;][et_pb_row admin_label=&#8221;row&#8221; _builder_version=&#8221;4.16&#8243; background_size=&#8221;initial&#8221; background_position=&#8221;top_left&#8221; background_repeat=&#8221;repeat&#8221; global_colors_info=&#8221;{}&#8221; column_structure=&#8221;1_3,2_3&#8243;][et_pb_column type=&#8221;1_3&#8243; _builder_version=&#8221;4.16&#8243; custom_padding=&#8221;|||&#8221; global_colors_info=&#8221;{}&#8221; custom_padding__hover=&#8221;|||&#8221;][et_pb_image src=&#8221;https:\/\/www.kisallatkorhaz.hu\/cms\/wp-content\/uploads\/DSC_0162_1500x1000.jpg&#8221; align_tablet=&#8221;center&#8221; align_last_edited=&#8221;on|desktop&#8221; admin_label=&#8221;K\u00e9p&#8221; _builder_version=&#8221;4.16&#8243; animation_style=&#8221;slide&#8221; animation_direction=&#8221;left&#8221; animation_duration=&#8221;500ms&#8221; animation_intensity_slide=&#8221;10%&#8221; animation=&#8221;left&#8221; sticky=&#8221;off&#8221; use_border_color=&#8221;off&#8221; border_color=&#8221;#ffffff&#8221; border_style=&#8221;solid&#8221; always_center_on_mobile=&#8221;on&#8221; global_colors_info=&#8221;{}&#8221; align_phone=&#8221;center&#8221;] [\/et_pb_image][\/et_pb_column][et_pb_column type=&#8221;2_3&#8243; _builder_version=&#8221;4.16&#8243; custom_padding=&#8221;|||&#8221; global_colors_info=&#8221;{}&#8221; custom_padding__hover=&#8221;|||&#8221;][et_pb_text admin_label=&#8221;Sz\u00f6veg&#8221; _builder_version=&#8221;4.16&#8243; background_size=&#8221;initial&#8221; background_position=&#8221;top_left&#8221; background_repeat=&#8221;repeat&#8221; use_border_color=&#8221;off&#8221; border_color=&#8221;#ffffff&#8221; border_style=&#8221;solid&#8221; global_colors_info=&#8221;{}&#8221;]<\/p>\n<h1>\u00c1llatpatika<\/h1>\n<p class=\"szoveg\" align=\"justify\">Rendel\u0151int\u00e9zet\u00fcnkben m\u0171k\u00f6d\u0151 \u00e1llatpatika az \u00e1llatgy\u00f3gyszerek, \u00e1llatgy\u00f3gy\u00e1szati term\u00e9kek, gy\u00f3gyt\u00e1pok sz\u00e9les v\u00e1laszt\u00e9k\u00e1t k\u00edn\u00e1lja Betegei r\u00e9sz\u00e9re.<\/p>\n<p class=\"szoveg\" align=\"justify\">Kiv\u00e1l\u00f3 min\u0151s\u00e9g\u0171 pr\u00e9mium t\u00e1pokat \u00e9s a vil\u00e1g legjobb di\u00e9t\u00e1s t\u00e1p gy\u00e1rt\u00f3inak (Eukanuba, Hill&#8217;s, Trovet) \u00f6sszes term\u00e9k\u00e9t forgalmazzuk. Sikeres \u00e1llatorvosi kezel\u00e9seket szakszer\u0171en kiv\u00e1lasztott gy\u00f3gyt\u00e1p etet\u00e9s\u00e9vel \u00e9rdemes kieg\u00e9sz\u00edteni!<\/p>\n<p>[\/et_pb_text][\/et_pb_column][\/et_pb_row][\/et_pb_section]<\/p>\n","protected":false},"excerpt":{"rendered":"<p>\u00c1llatpatika Rendel\u0151int\u00e9zet\u00fcnkben m\u0171k\u00f6d\u0151 \u00e1llatpatika az \u00e1llatgy\u00f3gyszerek, \u00e1llatgy\u00f3gy\u00e1szati term\u00e9kek, gy\u00f3gyt\u00e1pok sz\u00e9les v\u00e1laszt\u00e9k\u00e1t k\u00edn\u00e1lja Betegei r\u00e9sz\u00e9re. Kiv\u00e1l\u00f3 min\u0151s\u00e9g\u0171 pr\u00e9mium t\u00e1pokat \u00e9s a vil\u00e1g legjobb di\u00e9t\u00e1s t\u00e1p gy\u00e1rt\u00f3inak (Eukanuba, Hill&#8217;s, Trovet) \u00f6sszes term\u00e9k\u00e9t forgalmazzuk. Sikeres \u00e1llatorvosi kezel\u00e9seket szakszer\u0171en kiv\u00e1lasztott gy\u00f3gyt\u00e1p etet\u00e9s\u00e9vel \u00e9rdemes kieg\u00e9sz\u00edteni!<\/p>\n","protected":false},"author":1,"featured_media":25115,"parent":88,"menu_order":0,"comment_status":"closed","ping_status":"closed","template":"","meta":{"_et_pb_use_builder":"on","_et_pb_old_content":"","_et_gb_content_width":"","two_page_speed":[],"footnotes":""},"class_list":["post-160","page","type-page","status-publish","has-post-thumbnail","hentry"],"_links":{"self":[{"href":"https:\/\/www.kisallatkorhaz.hu\/cms\/wp-json\/wp\/v2\/pages\/160","targetHints":{"allow":["GET"]}}],"collection":[{"href":"https:\/\/www.kisallatkorhaz.hu\/cms\/wp-json\/wp\/v2\/pages"}],"about":[{"href":"https:\/\/www.kisallatkorhaz.hu\/cms\/wp-json\/wp\/v2\/types\/page"}],"author":[{"embeddable":true,"href":"https:\/\/www.kisallatkorhaz.hu\/cms\/wp-json\/wp\/v2\/users\/1"}],"replies":[{"embeddable":true,"href":"https:\/\/www.kisallatkorhaz.hu\/cms\/wp-json\/wp\/v2\/comments?post=160"}],"version-history":[{"count":5,"href":"https:\/\/www.kisallatkorhaz.hu\/cms\/wp-json\/wp\/v2\/pages\/160\/revisions"}],"predecessor-version":[{"id":42899,"href":"https:\/\/www.kisallatkorhaz.hu\/cms\/wp-json\/wp\/v2\/pages\/160\/revisions\/42899"}],"up":[{"embeddable":true,"href":"https:\/\/www.kisallatkorhaz.hu\/cms\/wp-json\/wp\/v2\/pages\/88"}],"wp:featuredmedia":[{"embeddable":true,"href":"https:\/\/www.kisallatkorhaz.hu\/cms\/wp-json\/wp\/v2\/media\/25115"}],"wp:attachment":[{"href":"https:\/\/www.kisallatkorhaz.hu\/cms\/wp-json\/wp\/v2\/media?parent=160"}],"curies":[{"name":"wp","href":"https:\/\/api.w.org\/{rel}","templated":true}]}}