{"id":25424,"date":"2017-01-23T11:41:58","date_gmt":"2017-01-23T11:41:58","guid":{"rendered":"https:\/\/www.kisallatkorhaz.hu\/cms\/?page_id=25424"},"modified":"2017-01-24T15:00:20","modified_gmt":"2017-01-24T15:00:20","slug":"kullancsinfo","status":"publish","type":"page","link":"https:\/\/www.kisallatkorhaz.hu\/cms\/tudastar-gazdiknak\/kullancsinfo\/","title":{"rendered":"Kullancs"},"content":{"rendered":"<p>[et_pb_section transparent_background=&#8221;off&#8221; allow_player_pause=&#8221;off&#8221; inner_shadow=&#8221;off&#8221; parallax=&#8221;off&#8221; parallax_method=&#8221;on&#8221; make_fullwidth=&#8221;off&#8221; use_custom_width=&#8221;off&#8221; width_unit=&#8221;off&#8221; custom_width_px=&#8221;1080px&#8221; custom_width_percent=&#8221;80%&#8221; make_equal=&#8221;off&#8221; use_custom_gutter=&#8221;off&#8221; fullwidth=&#8221;on&#8221; specialty=&#8221;off&#8221; disabled=&#8221;off&#8221;][et_pb_fullwidth_slider show_arrows=&#8221;on&#8221; show_pagination=&#8221;on&#8221; auto=&#8221;off&#8221; auto_speed=&#8221;7000&#8243; auto_ignore_hover=&#8221;off&#8221; parallax=&#8221;off&#8221; parallax_method=&#8221;off&#8221; remove_inner_shadow=&#8221;off&#8221; background_position=&#8221;default&#8221; background_size=&#8221;default&#8221; hide_content_on_mobile=&#8221;off&#8221; hide_cta_on_mobile=&#8221;off&#8221; show_image_video_mobile=&#8221;off&#8221; custom_button=&#8221;off&#8221; button_text_size=&#8221;16&#8243; button_use_icon=&#8221;on&#8221; button_icon_placement=&#8221;right&#8221; button_on_hover=&#8221;on&#8221; button_letter_spacing_hover=&#8221;0&#8243; disabled=&#8221;off&#8221;][et_pb_slide heading=&#8221;Kullancs inform\u00e1ci\u00f3k&#8221; button_link=&#8221;#&#8221; background_image=&#8221;https:\/\/www.kisallatkorhaz.hu\/cms\/wp-content\/uploads\/kullancs.jpg&#8221; background_position=&#8221;default&#8221; background_size=&#8221;default&#8221; background_color=&#8221;#ffffff&#8221; alignment=&#8221;center&#8221; background_layout=&#8221;dark&#8221; allow_player_pause=&#8221;off&#8221; text_border_radius=&#8221;3&#8243; disabled=&#8221;off&#8221;][\/et_pb_slide][\/et_pb_fullwidth_slider][\/et_pb_section][et_pb_section transparent_background=&#8221;off&#8221; allow_player_pause=&#8221;off&#8221; inner_shadow=&#8221;off&#8221; parallax=&#8221;off&#8221; parallax_method=&#8221;on&#8221; make_fullwidth=&#8221;off&#8221; use_custom_width=&#8221;off&#8221; width_unit=&#8221;off&#8221; custom_width_px=&#8221;1080px&#8221; custom_width_percent=&#8221;80%&#8221; make_equal=&#8221;off&#8221; use_custom_gutter=&#8221;off&#8221; fullwidth=&#8221;off&#8221; specialty=&#8221;off&#8221; admin_label=&#8221;section&#8221; disabled=&#8221;off&#8221;][et_pb_row make_fullwidth=&#8221;off&#8221; use_custom_width=&#8221;off&#8221; width_unit=&#8221;off&#8221; custom_width_px=&#8221;1080px&#8221; custom_width_percent=&#8221;80%&#8221; use_custom_gutter=&#8221;off&#8221; gutter_width=&#8221;3&#8243; allow_player_pause=&#8221;off&#8221; parallax=&#8221;off&#8221; parallax_method=&#8221;on&#8221; make_equal=&#8221;off&#8221; parallax_1=&#8221;off&#8221; parallax_method_1=&#8221;on&#8221; parallax_2=&#8221;off&#8221; parallax_method_2=&#8221;on&#8221; parallax_3=&#8221;off&#8221; parallax_method_3=&#8221;on&#8221; parallax_4=&#8221;off&#8221; parallax_method_4=&#8221;on&#8221; admin_label=&#8221;row&#8221; disabled=&#8221;off&#8221;][et_pb_column type=&#8221;4_4&#8243; disabled=&#8221;off&#8221; parallax=&#8221;off&#8221; parallax_method=&#8221;on&#8221;][et_pb_text background_layout=&#8221;light&#8221; text_orientation=&#8221;left&#8221; admin_label=&#8221;Text&#8221; use_border_color=&#8221;off&#8221; border_style=&#8221;solid&#8221; disabled=&#8221;off&#8221;]<\/p>\n<h3><strong>A kullancsok<\/strong><\/h3>\n<p>A kullancsok v\u00e9rsz\u00edv\u00f3 ektoparazita \u00edzeltl\u00e1b\u00faak. Kifejletten f\u0151k\u00e9nt az eml\u0151s\u00f6k v\u00e9rsz\u00edv\u00f3i, de ? k\u00fcl\u00f6n\u00f6sen a l\u00e1rv\u00e1k ? n\u00e9ha madarakb\u00f3l \u00e9s h\u00fcll\u0151kb\u0151l is sz\u00edvnak v\u00e9rt. \u00c9let\u00fck sor\u00e1n k\u00e9t vagy h\u00e1rom egyedb\u0151l t\u00e1pl\u00e1lkoznak, melynek ment\u00e9n ?k\u00e9tgazd\u00e1s? vagy ?h\u00e1romgazd\u00e1s? fajokr\u00f3l besz\u00e9l\u00fcnk. L\u00e9teznek a tr\u00f3pusokon egygazd\u00e1s fajt\u00e1ik is.<\/p>\n<p>&nbsp;<\/p>\n<h3><strong>A legfontosabb, kullancsok \u00e1ltal terjesztett betegs\u00e9gek<\/strong><\/h3>\n<p><u>Lyme-k\u00f3r:<\/u> A k\u00f3rokoz\u00f3t a v\u00f6r\u00f6ses-feket\u00e9s Ixodes ricinus fajta hordozza. A cs\u00edp\u00e9s hely\u00e9n kialkul\u00f3 gy\u0171r\u0171 alak\u00fa ki\u00fct\u00e9ssel, k\u00e9s\u0151bb k\u00f6z\u00e9rzeti leroml\u00e1ssal, \u00edz\u00fcleti f\u00e1jdalmakkal, sz\u00edvk\u00e1rosod\u00e1ssal j\u00e1r\u00f3 betegs\u00e9g. V\u00e9d\u0151olt\u00e1s nincs, a gy\u00f3gykezel\u00e9st a kr\u00f3nikuss\u00e1 v\u00e1l\u00e1s megel\u0151z\u00e9s\u00e9re min\u00e9l el\u0151bb sz\u00fcks\u00e9ges elkezdeni (antibiotikum). Az emberek mellett az \u00e1llatokat is vesz\u00e9lyezteti. <em>Kuty\u00e1kn\u00e1l<\/em> s\u00e1ntik\u00e1l\u00e1ssal, hull\u00e1mz\u00f3 l\u00e1zzal, k\u00f6z\u00e9rzeti roml\u00e1ssal j\u00e1r. V\u00e9rb\u0151l nagy val\u00f3sz\u00edn\u0171s\u00e9ggel kimutathat\u00f3<\/p>\n<p><u>V\u00edrusos kullancs encephalitis:<\/u> Magas l\u00e1zzal, tark\u00f3merevs\u00e9ggel, zavart viselked\u00e9ssel j\u00e1r. Azonnali k\u00f3rh\u00e1zi kezel\u00e9s sz\u00fcks\u00e9ges. A betegs\u00e9g ellen megel\u0151z\u00e9sk\u00e9nt v\u00e9d\u0151olt\u00e1s-sorozat lehets\u00e9ges. A cs\u00edp\u00e9s ut\u00e1n is beadhat\u00f3 olt\u00e1st csek\u00e9ly hat\u00e1sa miatt kivont\u00e1k a forgalomb\u00f3l.<\/p>\n<p><u>Bab\u00e9zi\u00f3zis:<\/u> Az USA ter\u00fclet\u00e9n az embereket is vesz\u00e9lyezteti (Nantucket-szigeti l\u00e1z), n\u00e1lunk egyel\u0151re kiz\u00e1r\u00f3lag a <em>kuty\u00e1kat <\/em>vesz\u00e9lyeztet\u0151 form\u00e1ja terjedt el. A cs\u00edp\u00e9s ut\u00e1n egy h\u00e9ten bel\u00fcl a kutya hirtelen s\u00falyosan bel\u00e1zasodik. Kedvet\u00e9en lesz, idegrendszeri probl\u00e9m\u00e1k jelentkeznek. R\u00f6vid id\u0151n bel\u00fcl a vizelete s\u00f6t\u00e9tebb\u00e9 v\u00e1lik, ak\u00e1r fekete is lehet. K\u00e9sleked\u00e9s n\u00e9lk\u00fcli, azonnali orvosi kezel\u00e9s mellett j\u00f3 es\u00e9llyel gy\u00f3gy\u00edthat\u00f3, n\u00e9lk\u00fcle n\u00e9h\u00e1ny napon bel\u00fcl hal\u00e1los.<\/p>\n<p><u>Tular\u00e9mia, ny\u00falpestis:<\/u> A cs\u00edp\u00e9s hely\u00e9n igen f\u00e1jdalmas b\u0151rfek\u00e9ly k\u00e9pz\u0151d\u00e9s, nyirokcsom\u00f3 megnagyobbod\u00e1s, t\u00fcd\u0151gyullad\u00e1s \u00e9s m\u00e1s t\u00fcnetek alakulhatnak ki. Er\u0151sen fert\u0151z\u0151, antibiotikummal gy\u00f3gy\u00edthat\u00f3, de kezel\u00e9s n\u00e9lk\u00fcl ak\u00e1r v\u00e9gzetes is lehet. A betegs\u00e9gen val\u00f3 \u00e1tes\u00e9s j\u00f3r\u00e9szt v\u00e9detts\u00e9get ad a k\u00e9s\u0151bbiekre.<\/p>\n<p><strong>\u00a0<\/strong><\/p>\n<h3><strong>Hogy v\u00e9dekezz\u00fcnk?<\/strong><\/h3>\n<p>Hossz\u00fa nadr\u00e1g, a nadr\u00e1gra t\u0171rt hosszabb sz\u00e1r\u00fa zokni, a magas f\u0171 ker\u00fcl\u00e9se aj\u00e1nlott. A rovarirt\u00f3, riaszt\u00f3 szerek hat\u00e1sa csak r\u00f6vid ideig tart. Gyan\u00fas helyen kir\u00e1ndul\u00e1s ut\u00e1n a test r\u00e9szletes \u00e1tvizsg\u00e1l\u00e1sa sz\u00fcks\u00e9ges.<\/p>\n<p>Kuty\u00e1k sz\u00e1m\u00e1ra kullancsellenes sampononok, cs\u00f6p\u00f6gtethet\u0151 oldatok, speci\u00e1lis nyak\u00f6rvek v\u00e1s\u00e1rolhat\u00f3k. A kertben tart\u00f3zkod\u00f3, kir\u00e1ndul\u00f3, lyukat \u00e1s\u00f3 kuty\u00e1t rendszeresen, naponta \u00e1t sz\u00fcks\u00e9ges vizsg\u00e1lni.<\/p>\n<p>&nbsp;<\/p>\n<h3><strong>Kullancs elt\u00e1vol\u00edt\u00e1sa<\/strong><\/h3>\n<p>Ha emberben, vagy <em>kuty\u00e1ban<\/em> kullancsot tal\u00e1lunk, lehet\u0151 legr\u00f6videbb id\u0151n bel\u00fcl aj\u00e1nlott elt\u00e1vol\u00edtani. Erre a sz\u00f3besz\u00e9d \u00fatj\u00e1n terjesztett m\u00f3dszerek (a kullancs beken\u00e9se olajjal, zs\u00edrral, kr\u00e9mekkel, stb.) nem megfelel\u0151ek, a rovar l\u00e9gz\u0151ny\u00edl\u00e1s\u00e1nak elt\u00f6m\u00e9s\u00e9vel csak azt \u00e9rj\u00fck el, hogy a fuldokl\u00f3 kullancs fert\u0151z\u0151 anyagait m\u00e9g nagyobb intezit\u00e1ssal bejuttatja.<\/p>\n<p><strong><em>Kullancs csipesz \u00e9s kullancskan\u00e1l<\/em><\/strong><\/p>\n<p>A kullancs k\u00e9zzel t\u00f6rt\u00e9n\u0151 megragad\u00e1sa, \u00f6sszenyom\u00e1sa, kicsavar\u00e1sa sem megfelel\u0151, a kullancs hosszabb ideig tart\u00f3 szenvedtet\u00e9s\u00e9vel csak megn\u00f6velj\u00fck a mikrob\u00e1kkal t\u00f6rt\u00e9n\u0151 fert\u0151z\u0151d\u00e9s es\u00e9ly\u00e9t ? nemcsak a kuty\u00e1\u00e9t, hanem a <u>kiszed\u0151 szem\u00e9ly\u00e9t is<\/u>! A legk\u00edm\u00e9letesebb m\u00f3dszer a speci\u00e1lis kullancs-csipesz, valamint az egyszer haszn\u00e1latos, \u00fan. kullancskan\u00e1l, ezek \u00e1llatpatik\u00e1kban vagy gy\u00f3gyszert\u00e1rakban beszerezhet\u0151k.<\/p>\n<p><strong><em>Ha beszakad a kullancs feje<\/em><\/strong><\/p>\n<p>Ez k\u00f6zel sem okoz akkora probl\u00e9m\u00e1t, mint amekkor\u00e1ra gondolunk el\u0151sz\u00f6r: a szervezet kisebb gyullad\u00e1sos reakci\u00f3 k\u00eds\u00e9ret\u00e9ben kil\u00f6ki a bent maradt testr\u00e9szt.<\/p>\n<p>A kullancs kiszed\u00e9s\u00e9t k\u00f6vet\u0151en mindenk\u00e9ppen indokolt a ?megt\u00e1madott? szem\u00e9lyt, \u00e1llatoz fokozott figyelemmel k\u00eds\u00e9rni, ak\u00e1r orvosnak\/\u00e1llatorvosnak megmutatni, m\u00e9g akkor is, ha magunk semmi k\u00f3rosat nem tapasztalunk, mert sokszor, mire a mark\u00e1ns t\u00fcnetek kialakulnak, m\u00e1r k\u00e9s\u0151 lehet.<\/p>\n<p>[\/et_pb_text][\/et_pb_column][\/et_pb_row][\/et_pb_section][et_pb_section transparent_background=&#8221;off&#8221; background_color=&#8221;#e5e5e5&#8243; allow_player_pause=&#8221;off&#8221; inner_shadow=&#8221;off&#8221; parallax=&#8221;off&#8221; parallax_method=&#8221;on&#8221; make_fullwidth=&#8221;off&#8221; use_custom_width=&#8221;off&#8221; width_unit=&#8221;off&#8221; custom_width_px=&#8221;1080px&#8221; custom_width_percent=&#8221;80%&#8221; make_equal=&#8221;off&#8221; use_custom_gutter=&#8221;off&#8221; fullwidth=&#8221;off&#8221; specialty=&#8221;off&#8221;][et_pb_row make_fullwidth=&#8221;off&#8221; use_custom_width=&#8221;off&#8221; width_unit=&#8221;off&#8221; custom_width_px=&#8221;1080px&#8221; custom_width_percent=&#8221;80%&#8221; use_custom_gutter=&#8221;off&#8221; gutter_width=&#8221;3&#8243; custom_padding=&#8221;28px|0px|27px|0px&#8221; allow_player_pause=&#8221;off&#8221; parallax=&#8221;off&#8221; parallax_method=&#8221;on&#8221; make_equal=&#8221;off&#8221; parallax_1=&#8221;off&#8221; parallax_method_1=&#8221;on&#8221; parallax_2=&#8221;off&#8221; parallax_method_2=&#8221;on&#8221; parallax_3=&#8221;off&#8221; parallax_method_3=&#8221;on&#8221; parallax_4=&#8221;off&#8221; parallax_method_4=&#8221;on&#8221;][et_pb_column type=&#8221;1_2&#8243; parallax=&#8221;off&#8221; parallax_method=&#8221;on&#8221;][et_pb_text background_layout=&#8221;light&#8221; text_orientation=&#8221;left&#8221;]<\/p>\n<p><strong><em>A k\u00f6z\u00f6ns\u00e9ges kullancs egyedfejl\u0151d\u00e9si alakjai<\/em><\/strong><\/p>\n<p>[\/et_pb_text][et_pb_image src=&#8221;https:\/\/www.kisallatkorhaz.hu\/cms\/wp-content\/uploads\/kullancs13.jpg&#8221; show_in_lightbox=&#8221;off&#8221; url_new_window=&#8221;off&#8221; use_overlay=&#8221;off&#8221; animation=&#8221;left&#8221; sticky=&#8221;off&#8221; align=&#8221;left&#8221; force_fullwidth=&#8221;off&#8221; always_center_on_mobile=&#8221;on&#8221;][\/et_pb_image][\/et_pb_column][et_pb_column type=&#8221;1_2&#8243; parallax=&#8221;off&#8221; parallax_method=&#8221;on&#8221;][et_pb_text background_layout=&#8221;light&#8221; text_orientation=&#8221;left&#8221;]<\/p>\n<p><strong><em>Kullancs csipesz<\/em><\/strong><\/p>\n<p>[\/et_pb_text][et_pb_image src=&#8221;https:\/\/www.kisallatkorhaz.hu\/cms\/wp-content\/uploads\/20120615-anyaskodj-igy-szedd-ki-a.jpg&#8221; show_in_lightbox=&#8221;off&#8221; url_new_window=&#8221;off&#8221; use_overlay=&#8221;off&#8221; animation=&#8221;left&#8221; sticky=&#8221;off&#8221; align=&#8221;left&#8221; force_fullwidth=&#8221;off&#8221; always_center_on_mobile=&#8221;on&#8221;][\/et_pb_image][\/et_pb_column][\/et_pb_row][\/et_pb_section][et_pb_section transparent_background=&#8221;off&#8221; background_color=&#8221;#545454&#8243; allow_player_pause=&#8221;off&#8221; inner_shadow=&#8221;off&#8221; parallax=&#8221;off&#8221; parallax_method=&#8221;on&#8221; make_fullwidth=&#8221;off&#8221; use_custom_width=&#8221;off&#8221; width_unit=&#8221;off&#8221; custom_width_px=&#8221;1080px&#8221; custom_width_percent=&#8221;80%&#8221; make_equal=&#8221;off&#8221; use_custom_gutter=&#8221;off&#8221; fullwidth=&#8221;off&#8221; specialty=&#8221;off&#8221; disabled=&#8221;off&#8221;][et_pb_row make_fullwidth=&#8221;off&#8221; use_custom_width=&#8221;off&#8221; width_unit=&#8221;off&#8221; custom_width_px=&#8221;1080px&#8221; custom_width_percent=&#8221;80%&#8221; use_custom_gutter=&#8221;off&#8221; gutter_width=&#8221;3&#8243; allow_player_pause=&#8221;off&#8221; parallax=&#8221;off&#8221; parallax_method=&#8221;on&#8221; make_equal=&#8221;off&#8221; parallax_1=&#8221;off&#8221; parallax_method_1=&#8221;on&#8221; parallax_2=&#8221;off&#8221; parallax_method_2=&#8221;on&#8221; parallax_3=&#8221;off&#8221; parallax_method_3=&#8221;on&#8221; parallax_4=&#8221;off&#8221; parallax_method_4=&#8221;on&#8221; disabled=&#8221;off&#8221;][et_pb_column type=&#8221;4_4&#8243; disabled=&#8221;off&#8221; parallax=&#8221;off&#8221; parallax_method=&#8221;on&#8221;][et_pb_text background_layout=&#8221;dark&#8221; text_orientation=&#8221;center&#8221; use_border_color=&#8221;off&#8221; border_style=&#8221;solid&#8221; disabled=&#8221;off&#8221;]<\/p>\n<p><strong>Hogyan <span style=\"text-decoration: underline;\">ne<\/span> vegy\u00fck ki a kullancsot&#8230;<\/strong><\/p>\n<p>[\/et_pb_text][et_pb_video src=&#8221;https:\/\/www.youtube.com\/watch?v=h92fglTN7ws&#8221; disabled=&#8221;off&#8221;][\/et_pb_video][\/et_pb_column][\/et_pb_row][\/et_pb_section]<\/p>\n","protected":false},"excerpt":{"rendered":"<p>A kullancsok A kullancsok v\u00e9rsz\u00edv\u00f3 ektoparazita \u00edzeltl\u00e1b\u00faak. Kifejletten f\u0151k\u00e9nt az eml\u0151s\u00f6k v\u00e9rsz\u00edv\u00f3i, de ? k\u00fcl\u00f6n\u00f6sen a l\u00e1rv\u00e1k ? n\u00e9ha madarakb\u00f3l \u00e9s h\u00fcll\u0151kb\u0151l is sz\u00edvnak v\u00e9rt. \u00c9let\u00fck sor\u00e1n k\u00e9t vagy h\u00e1rom egyedb\u0151l t\u00e1pl\u00e1lkoznak, melynek ment\u00e9n ?k\u00e9tgazd\u00e1s? vagy ?h\u00e1romgazd\u00e1s? fajokr\u00f3l besz\u00e9l\u00fcnk. L\u00e9teznek a tr\u00f3pusokon egygazd\u00e1s fajt\u00e1ik is. &nbsp; A legfontosabb, kullancsok \u00e1ltal terjesztett betegs\u00e9gek Lyme-k\u00f3r: A k\u00f3rokoz\u00f3t [&hellip;]<\/p>\n","protected":false},"author":1,"featured_media":25427,"parent":477,"menu_order":0,"comment_status":"closed","ping_status":"closed","template":"","meta":{"_et_pb_use_builder":"on","_et_pb_old_content":"<h3><strong>A kullancsok<\/strong><\/h3>\r\nA kullancsok v\u00e9rsz\u00edv\u00f3 ektoparazita \u00edzeltl\u00e1b\u00faak. Kifejletten f\u0151k\u00e9nt az eml\u0151s\u00f6k v\u00e9rsz\u00edv\u00f3i, de ? k\u00fcl\u00f6n\u00f6sen a l\u00e1rv\u00e1k ? n\u00e9ha madarakb\u00f3l \u00e9s h\u00fcll\u0151kb\u0151l is sz\u00edvnak v\u00e9rt. \u00c9let\u00fck sor\u00e1n k\u00e9t vagy h\u00e1rom egyedb\u0151l t\u00e1pl\u00e1lkoznak, melynek ment\u00e9n ?k\u00e9tgazd\u00e1s? vagy ?h\u00e1romgazd\u00e1s? fajokr\u00f3l besz\u00e9l\u00fcnk. L\u00e9teznek a tr\u00f3pusokon egygazd\u00e1s fajt\u00e1ik is.\r\n\r\n\u00a0\r\n<h3><strong>A legfontosabb, kullancsok \u00e1ltal terjesztett betegs\u00e9gek<\/strong><\/h3>\r\n<u>Lyme-k\u00f3r:<\/u> A k\u00f3rokoz\u00f3t a v\u00f6r\u00f6ses-feket\u00e9s Ixodes ricinus fajta hordozza. A cs\u00edp\u00e9s hely\u00e9n kialkul\u00f3 gy\u0171r\u0171 alak\u00fa ki\u00fct\u00e9ssel, k\u00e9s\u0151bb k\u00f6z\u00e9rzeti leroml\u00e1ssal, \u00edz\u00fcleti f\u00e1jdalmakkal, sz\u00edvk\u00e1rosod\u00e1ssal j\u00e1r\u00f3 betegs\u00e9g. V\u00e9d\u0151olt\u00e1s nincs, a gy\u00f3gykezel\u00e9st a kr\u00f3nikuss\u00e1 v\u00e1l\u00e1s megel\u0151z\u00e9s\u00e9re min\u00e9l el\u0151bb sz\u00fcks\u00e9ges elkezdeni (antibiotikum). Az emberek mellett az \u00e1llatokat is vesz\u00e9lyezteti. <em>Kuty\u00e1kn\u00e1l<\/em> s\u00e1ntik\u00e1l\u00e1ssal, hull\u00e1mz\u00f3 l\u00e1zzal, k\u00f6z\u00e9rzeti roml\u00e1ssal j\u00e1r. V\u00e9rb\u0151l nagy val\u00f3sz\u00edn\u0171s\u00e9ggel kimutathat\u00f3\r\n\r\n<u>V\u00edrusos kullancs encephalitis:<\/u> Magas l\u00e1zzal, tark\u00f3merevs\u00e9ggel, zavart viselked\u00e9ssel j\u00e1r. Azonnali k\u00f3rh\u00e1zi kezel\u00e9s sz\u00fcks\u00e9ges. A betegs\u00e9g ellen megel\u0151z\u00e9sk\u00e9nt v\u00e9d\u0151olt\u00e1s-sorozat lehets\u00e9ges. A cs\u00edp\u00e9s ut\u00e1n is beadhat\u00f3 olt\u00e1st csek\u00e9ly hat\u00e1sa miatt kivont\u00e1k a forgalomb\u00f3l.\r\n\r\n<u>Bab\u00e9zi\u00f3zis:<\/u> Az USA ter\u00fclet\u00e9n az embereket is vesz\u00e9lyezteti (Nantucket-szigeti l\u00e1z), n\u00e1lunk egyel\u0151re kiz\u00e1r\u00f3lag a <em>kuty\u00e1kat <\/em>vesz\u00e9lyeztet\u0151 form\u00e1ja terjedt el. A cs\u00edp\u00e9s ut\u00e1n egy h\u00e9ten bel\u00fcl a kutya hirtelen s\u00falyosan bel\u00e1zasodik. Kedvet\u00e9en lesz, idegrendszeri probl\u00e9m\u00e1k jelentkeznek. R\u00f6vid id\u0151n bel\u00fcl a vizelete s\u00f6t\u00e9tebb\u00e9 v\u00e1lik, ak\u00e1r fekete is lehet. K\u00e9sleked\u00e9s n\u00e9lk\u00fcli, azonnali orvosi kezel\u00e9s mellett j\u00f3 es\u00e9llyel gy\u00f3gy\u00edthat\u00f3, n\u00e9lk\u00fcle n\u00e9h\u00e1ny napon bel\u00fcl hal\u00e1los.\r\n\r\n<u>Tular\u00e9mia, ny\u00falpestis:<\/u> A cs\u00edp\u00e9s hely\u00e9n igen f\u00e1jdalmas b\u0151rfek\u00e9ly k\u00e9pz\u0151d\u00e9s, nyirokcsom\u00f3 megnagyobbod\u00e1s, t\u00fcd\u0151gyullad\u00e1s \u00e9s m\u00e1s t\u00fcnetek alakulhatnak ki. Er\u0151sen fert\u0151z\u0151, antibiotikummal gy\u00f3gy\u00edthat\u00f3, de kezel\u00e9s n\u00e9lk\u00fcl ak\u00e1r v\u00e9gzetes is lehet. A betegs\u00e9gen val\u00f3 \u00e1tes\u00e9s j\u00f3r\u00e9szt v\u00e9detts\u00e9get ad a k\u00e9s\u0151bbiekre.\r\n\r\n<strong>\u00a0<\/strong>\r\n<h3><strong>Hogy v\u00e9dekezz\u00fcnk?<\/strong><\/h3>\r\nHossz\u00fa nadr\u00e1g, a nadr\u00e1gra t\u0171rt hosszabb sz\u00e1r\u00fa zokni, a magas f\u0171 ker\u00fcl\u00e9se aj\u00e1nlott. A rovarirt\u00f3, riaszt\u00f3 szerek hat\u00e1sa csak r\u00f6vid ideig tart. Gyan\u00fas helyen kir\u00e1ndul\u00e1s ut\u00e1n a test r\u00e9szletes \u00e1tvizsg\u00e1l\u00e1sa sz\u00fcks\u00e9ges.\r\n\r\nKuty\u00e1k sz\u00e1m\u00e1ra kullancsellenes sampononok, cs\u00f6p\u00f6gtethet\u0151 oldatok, speci\u00e1lis nyak\u00f6rvek v\u00e1s\u00e1rolhat\u00f3k. A kertben tart\u00f3zkod\u00f3, kir\u00e1ndul\u00f3, lyukat \u00e1s\u00f3 kuty\u00e1t rendszeresen, naponta \u00e1t sz\u00fcks\u00e9ges vizsg\u00e1lni.\r\n\r\n\u00a0\r\n<h3><strong>Kullancs elt\u00e1vol\u00edt\u00e1sa<\/strong><\/h3>\r\nHa emberben, vagy <em>kuty\u00e1ban<\/em> kullancsot tal\u00e1lunk, lehet\u0151 legr\u00f6videbb id\u0151n bel\u00fcl aj\u00e1nlott elt\u00e1vol\u00edtani. Erre a sz\u00f3besz\u00e9d \u00fatj\u00e1n terjesztett m\u00f3dszerek (a kullancs beken\u00e9se olajjal, zs\u00edrral, kr\u00e9mekkel, stb.) nem megfelel\u0151ek, a rovar l\u00e9gz\u0151ny\u00edl\u00e1s\u00e1nak elt\u00f6m\u00e9s\u00e9vel csak azt \u00e9rj\u00fck el, hogy a fuldokl\u00f3 kullancs fert\u0151z\u0151 anyagait m\u00e9g nagyobb intezit\u00e1ssal bejuttatja.\r\n\r\n<em>Kullancs csipesz \u00e9s kullancskan\u00e1l<\/em>\r\n\r\nA kullancs k\u00e9zzel t\u00f6rt\u00e9n\u0151 megragad\u00e1sa, \u00f6sszenyom\u00e1sa, kicsavar\u00e1sa sem megfelel\u0151, a kullancs hosszabb ideig tart\u00f3 szenvedtet\u00e9s\u00e9vel csak megn\u00f6velj\u00fck a mikrob\u00e1kkal t\u00f6rt\u00e9n\u0151 fert\u0151z\u0151d\u00e9s es\u00e9ly\u00e9t ? nemcsak a kuty\u00e1\u00e9t, hanem a <u>kiszed\u0151 szem\u00e9ly\u00e9t is<\/u>! A legk\u00edm\u00e9letesebb m\u00f3dszer a speci\u00e1lis kullancs-csipesz, valamint az egyszer haszn\u00e1latos, \u00fan. kullancskan\u00e1l, ezek \u00e1llatpatik\u00e1kban vagy gy\u00f3gyszert\u00e1rakban beszerezhet\u0151k.\r\n\r\n<em>Ha beszakad a kullancs feje<\/em>\r\n\r\nEz k\u00f6zel sem okoz akkora probl\u00e9m\u00e1t, mint amekkor\u00e1ra gondolunk el\u0151sz\u00f6r: a szervezet kisebb gyullad\u00e1sos reakci\u00f3 k\u00eds\u00e9ret\u00e9ben kil\u00f6ki a bent maradt testr\u00e9szt.\r\n\r\nA kullancs kiszed\u00e9s\u00e9t k\u00f6vet\u0151en mindenk\u00e9ppen indokolt a ?megt\u00e1madott? szem\u00e9lyt, \u00e1llatoz fokozott figyelemmel k\u00eds\u00e9rni, ak\u00e1r orvosnak\/\u00e1llatorvosnak megmutatni, m\u00e9g akkor is, ha magunk semmi k\u00f3rosat nem tapasztalunk, mert sokszor, mire a mark\u00e1ns t\u00fcnetek kialakulnak, m\u00e1r k\u00e9s\u0151 lehet.","_et_gb_content_width":"","two_page_speed":[],"footnotes":""},"class_list":["post-25424","page","type-page","status-publish","has-post-thumbnail","hentry"],"_links":{"self":[{"href":"https:\/\/www.kisallatkorhaz.hu\/cms\/wp-json\/wp\/v2\/pages\/25424","targetHints":{"allow":["GET"]}}],"collection":[{"href":"https:\/\/www.kisallatkorhaz.hu\/cms\/wp-json\/wp\/v2\/pages"}],"about":[{"href":"https:\/\/www.kisallatkorhaz.hu\/cms\/wp-json\/wp\/v2\/types\/page"}],"author":[{"embeddable":true,"href":"https:\/\/www.kisallatkorhaz.hu\/cms\/wp-json\/wp\/v2\/users\/1"}],"replies":[{"embeddable":true,"href":"https:\/\/www.kisallatkorhaz.hu\/cms\/wp-json\/wp\/v2\/comments?post=25424"}],"version-history":[{"count":5,"href":"https:\/\/www.kisallatkorhaz.hu\/cms\/wp-json\/wp\/v2\/pages\/25424\/revisions"}],"predecessor-version":[{"id":25432,"href":"https:\/\/www.kisallatkorhaz.hu\/cms\/wp-json\/wp\/v2\/pages\/25424\/revisions\/25432"}],"up":[{"embeddable":true,"href":"https:\/\/www.kisallatkorhaz.hu\/cms\/wp-json\/wp\/v2\/pages\/477"}],"wp:featuredmedia":[{"embeddable":true,"href":"https:\/\/www.kisallatkorhaz.hu\/cms\/wp-json\/wp\/v2\/media\/25427"}],"wp:attachment":[{"href":"https:\/\/www.kisallatkorhaz.hu\/cms\/wp-json\/wp\/v2\/media?parent=25424"}],"curies":[{"name":"wp","href":"https:\/\/api.w.org\/{rel}","templated":true}]}}