{"id":32115,"date":"2023-11-03T09:12:32","date_gmt":"2023-11-03T08:12:32","guid":{"rendered":"https:\/\/www.kisallatkorhaz.hu\/cms\/?page_id=32115"},"modified":"2026-01-29T08:38:33","modified_gmt":"2026-01-29T07:38:33","slug":"macskabarat","status":"publish","type":"page","link":"https:\/\/www.kisallatkorhaz.hu\/cms\/macskabarat\/","title":{"rendered":"Macskabar\u00e1t ell\u00e1t\u00e1s"},"content":{"rendered":"<p>[et_pb_section fb_built=&#8221;1&#8243; _builder_version=&#8221;4.18.0&#8243; _module_preset=&#8221;default&#8221; global_colors_info=&#8221;{}&#8221;][et_pb_row column_structure=&#8221;2_3,1_3&#8243; _builder_version=&#8221;4.18.0&#8243; _module_preset=&#8221;default&#8221; global_colors_info=&#8221;{}&#8221;][et_pb_column type=&#8221;2_3&#8243; _builder_version=&#8221;4.18.0&#8243; _module_preset=&#8221;default&#8221; global_colors_info=&#8221;{}&#8221;][et_pb_post_title meta=&#8221;off&#8221; _builder_version=&#8221;4.18.0&#8243; _module_preset=&#8221;default&#8221; hover_enabled=&#8221;0&#8243; global_colors_info=&#8221;{}&#8221; sticky_enabled=&#8221;0&#8243;][\/et_pb_post_title][et_pb_text _builder_version=&#8221;4.23&#8243; _module_preset=&#8221;default&#8221; global_colors_info=&#8221;{}&#8221;]<\/p>\n<p>A cic\u00e1k eg\u00e9szen m\u00e1sk\u00e9pp \u00e9rz\u00e9kelik \u00e9s \u00e9lik meg a vil\u00e1got, mint ak\u00e1r a kuty\u00e1k, ak\u00e1r mi, emberek. Kommunik\u00e1ci\u00f3juk, ig\u00e9nyeik \u00e9s viselked\u00e9si mint\u00e1zataik is saj\u00e1tosak. \u00c9ppen ez\u00e9rt a macsk\u00e1k a <strong>legf\u00e9lre\u00e9rtettebb h\u00e1zi kedvencek<\/strong> k\u00f6z\u00e9 tartoznak.<br \/>Sajnos m\u00e9g ma is sokan \u2013 olykor szakemberek is \u2013 \u201ekis kutyak\u00e9nt\u201d kezelik \u0151ket, ami komoly hiba, \u00e9s jelent\u0151s stresszt okozhat sz\u00e1mukra.<\/p>\n<p>A macsk\u00e1k k\u00fcl\u00f6n\u00f6sen \u00e9rz\u00e9kenyek a rendel\u0151ben \u0151ket \u00e9r\u0151 stresszhat\u00e1sokra, mint: az idegen k\u00f6rnyezetre, a sok emberre, a zajokra (ajt\u00f3csapkod\u00e1s, besz\u00e9d), m\u00e1s \u00e1llatok \u2013 f\u0151k\u00e9nt kuty\u00e1k \u2013 jelenl\u00e9t\u00e9re, az ismeretlen szagokra vagy ak\u00e1r a hideg, cs\u00fasz\u00f3s fel\u00fcletekre.<\/p>\n<p>Nem ritka, hogy egy cic\u00e1t f\u00fajva, karmolva, harapva vagy heves farokcsapkod\u00e1ssal l\u00e1tunk reag\u00e1lni. Ezek a viselked\u00e9sek <strong>nem \u201erosszas\u00e1gb\u00f3l\u201d fakadnak<\/strong>, hanem a meg\u00e9lt intenz\u00edv f\u00e9lelem jelei.<br \/>Ugyanakkor l\u00e9teznek olyan macsk\u00e1k is, amelyek a hordoz\u00f3jukban vagy a v\u00e1r\u00f3ban teljesen nyugodtnak t\u0171nnek \u2013 ez azonban megt\u00e9veszt\u0151 lehet. Sok esetben ezek az \u00e1llatok olyan m\u00e9rt\u00e9k\u0171 stresszt \u00e9lnek \u00e1t, hogy egyszer\u0171en \u201elefagynak\u201d.<\/p>\n<p>Sz\u00e1mos tanulm\u00e1ny igazolja, hogy a f\u00e9lelem \u00e9s a stressz okozta viselked\u00e9sv\u00e1ltoz\u00e1s <strong>megnehez\u00edtheti a pontos diagn\u00f3zis fel\u00e1ll\u00edt\u00e1s\u00e1t<\/strong>, valamint bizony\u00edtott, hogy a stressz:<\/p>\n<ul>\n<li>meghosszabb\u00edtja a gy\u00f3gyul\u00e1si id\u0151t,<\/li>\n<li>lass\u00edtja a sebgy\u00f3gyul\u00e1st (emelkedett kortizolszint),<\/li>\n<li>laborat\u00f3riumi elt\u00e9r\u00e9seket okozhat (stressz-leukogram, emelkedett v\u00e9rcukorszint).<\/li>\n<\/ul>\n<p>A stressz \u00f6nmag\u00e1ban is k\u00e9pes betegs\u00e9get kiv\u00e1ltani \u2013 klasszikus p\u00e9lda erre a <strong>macsk\u00e1k idiop\u00e1ti\u00e1s h\u00f3lyaggyullad\u00e1sa (FIC)<\/strong> \u2013, illetve jelent\u0151s szerepet j\u00e1tszik sz\u00e1mos egy\u00e9b betegs\u00e9g s\u00falyosbod\u00e1s\u00e1ban is.<\/p>\n<p><strong>Mit tesz\u00fcnk mi a cic\u00e1k nyugalma \u00e9s biztons\u00e1ga \u00e9rdek\u00e9ben?<\/strong><\/p>\n<p>Rendel\u0151nkben <strong>minden h\u00e9ten \u201eMacsk\u00e1s Napokat\u201d<\/strong> tartunk.<br \/>Ezeken a napokon a cic\u00e1k speci\u00e1lis ig\u00e9nyeihez igaz\u00edtva zajlik az ell\u00e1t\u00e1s, a <strong>\u201eFear Free\u201d (stresszmentes)<\/strong> \u00e9s a <strong>\u201eCat Friendly Handling\u201d (macskabar\u00e1t ell\u00e1t\u00e1s)<\/strong> ir\u00e1nyelvei szerint.<\/p>\n<p>Egy-egy p\u00e1ciensre t\u00f6bb id\u0151t biztos\u00edtunk, \u00e9s a vizsg\u00e1latok minden esetben <strong>k\u00fcl\u00f6n, kifejezetten macsk\u00e1k sz\u00e1m\u00e1ra kialak\u00edtott kezel\u0151ben<\/strong> t\u00f6rt\u00e9nnek. Ez a kezel\u0151 az emeleten kapott helyet, ahov\u00e1 <strong>kuty\u00e1t felvinni szigor\u00faan tilos<\/strong>.<br \/>A helyis\u00e9g csendes, tomp\u00edtott f\u00e9nyekkel megvil\u00e1g\u00edtott, kialak\u00edt\u00e1sakor pr\u00f3b\u00e1ltunk min\u00e9l t\u00f6bb term\u00e9szetes anyagot haszn\u00e1lni(pl. f\u00e9m bor\u00edt\u00e1s\u00fa vizsg\u00e1l\u00f3asztal helyett fa bor\u00edt\u00e1s\u00fat helyezt\u00fcnk el), k\u00fcl\u00f6n ultrahang k\u00e9sz\u00fcl\u00e9ket hoztunk fel, amellyel kiz\u00e1r\u00f3lag macsk\u00e1k vizsg\u00e1lata zajlik. A vizsg\u00e1l\u00f3ban Feliway p\u00e1rologtat\u00f3t \u00e9s Feliway spray-vel \u00e1titatott text\u00edli\u00e1kat alkalmazunk. Ezek a k\u00e9sz\u00edtm\u00e9nyek \u00fan. \u201eferomonokat\u201d tartalmaznak, amelyek seg\u00edtik a cicusok megnyugv\u00e1s\u00e1t. A vizsg\u00e1lat sor\u00e1n a gazdin, az \u00e1llatorvoson \u00e9s az asszisztensen k\u00edv\u00fcl m\u00e1s nem tart\u00f3zkodik a helyis\u00e9gben.<\/p>\n<p>Amennyiben egy cicus k\u00f3rh\u00e1zi elhelyez\u00e9se sz\u00fcks\u00e9gess\u00e9 v\u00e1lik, ezt is meg tudjuk oldani stresszmentes, nyugodt, cicabar\u00e1t k\u00f6rnyezetben.<\/p>\n<p>A cic\u00e1kn\u00e1l <strong>macskabar\u00e1t r\u00f6gz\u00edt\u00e9si technik\u00e1kat<\/strong> alkalmazunk: ker\u00fclj\u00fck a \u201egrabancol\u00e1st\u201d, a lehet\u0151 legkevesebb lefog\u00e1st alkalmazzuk, cs\u00fasz\u00f3s fel\u00fcletek helyett t\u00f6r\u00fclk\u00f6z\u0151n vagy puha al\u00e1t\u00e9ten t\u00f6rt\u00e9nik a vizsg\u00e1lat. Ennek eredm\u00e9nyek\u00e9nt a macsk\u00e1k j\u00f3val egy\u00fcttm\u0171k\u00f6d\u0151bb\u00e9 v\u00e1lnak, a vizsg\u00e1lat pedig gyorsabb \u00e9s k\u00edm\u00e9letesebb.<\/p>\n<p>A Macsk\u00e1s Napokon rendel\u0151nk <strong>macskagy\u00f3gy\u00e1szat ir\u00e1nt elk\u00f6telezett \u00e1llatorvosa, dr. B\u00e1nyai Moira<\/strong> v\u00e1rja a cic\u00e1kat. Egyetemi \u00e9vei kezdete \u00f3ta folyamatosan k\u00f6veti a legmodernebb diagnosztikai \u00e9s ter\u00e1pi\u00e1s ir\u00e1nyelveket. Sz\u00e1mos macskagy\u00f3gy\u00e1szattal kapcsolatos programon vett r\u00e9sz, illetve megszerezte a <strong>\u201eCat Friendly Veterinarian\u201d<\/strong> valamint a <strong>\u201eFear Free\u201d<\/strong> min\u0151s\u00edt\u00e9seket is! A cicusok r\u00e9g\u00f3ta az \u00e9lete r\u00e9sz\u00e9t k\u00e9pezik, jelenleg is k\u00e9t, \u00f6r\u00f6kbefogadott \u201eb\u00e1rsonyostalp\u00faval\u201d \u00e9l egy\u00fctt.<\/p>\n<p>[\/et_pb_text][\/et_pb_column][et_pb_column type=&#8221;1_3&#8243; _builder_version=&#8221;4.18.0&#8243; _module_preset=&#8221;default&#8221; global_colors_info=&#8221;{}&#8221;][et_pb_image src=&#8221;https:\/\/www.kisallatkorhaz.hu\/cms\/wp-content\/uploads\/allatkorhaz1-1-scaled.png&#8221; title_text=&#8221;a\u0301llatko\u0301rha\u0301z1&#8243; show_in_lightbox=&#8221;on&#8221; _builder_version=&#8221;4.23&#8243; _module_preset=&#8221;default&#8221; global_colors_info=&#8221;{}&#8221;][\/et_pb_image][\/et_pb_column][\/et_pb_row][et_pb_row column_structure=&#8221;1_4,1_4,1_4,1_4&#8243; _builder_version=&#8221;4.18.0&#8243; _module_preset=&#8221;default&#8221; global_colors_info=&#8221;{}&#8221;][et_pb_column type=&#8221;1_4&#8243; _builder_version=&#8221;4.18.0&#8243; _module_preset=&#8221;default&#8221; global_colors_info=&#8221;{}&#8221;][et_pb_image src=&#8221;https:\/\/www.kisallatkorhaz.hu\/cms\/wp-content\/uploads\/1-12-scaled.jpg&#8221; title_text=&#8221;1&#8243; show_in_lightbox=&#8221;on&#8221; _builder_version=&#8221;4.23&#8243; _module_preset=&#8221;default&#8221; global_colors_info=&#8221;{}&#8221;][\/et_pb_image][\/et_pb_column][et_pb_column type=&#8221;1_4&#8243; _builder_version=&#8221;4.18.0&#8243; _module_preset=&#8221;default&#8221; global_colors_info=&#8221;{}&#8221;][et_pb_image src=&#8221;https:\/\/www.kisallatkorhaz.hu\/cms\/wp-content\/uploads\/2-10-scaled.jpg&#8221; title_text=&#8221;2&#8243; show_in_lightbox=&#8221;on&#8221; _builder_version=&#8221;4.23&#8243; _module_preset=&#8221;default&#8221; global_colors_info=&#8221;{}&#8221;][\/et_pb_image][\/et_pb_column][et_pb_column type=&#8221;1_4&#8243; _builder_version=&#8221;4.18.0&#8243; _module_preset=&#8221;default&#8221; global_colors_info=&#8221;{}&#8221;][et_pb_image src=&#8221;https:\/\/www.kisallatkorhaz.hu\/cms\/wp-content\/uploads\/3-10-scaled.jpg&#8221; title_text=&#8221;3&#8243; show_in_lightbox=&#8221;on&#8221; _builder_version=&#8221;4.18.0&#8243; _module_preset=&#8221;default&#8221; global_colors_info=&#8221;{}&#8221;][\/et_pb_image][\/et_pb_column][et_pb_column type=&#8221;1_4&#8243; _builder_version=&#8221;4.18.0&#8243; _module_preset=&#8221;default&#8221; global_colors_info=&#8221;{}&#8221;][et_pb_image src=&#8221;https:\/\/www.kisallatkorhaz.hu\/cms\/wp-content\/uploads\/4-9-scaled.jpg&#8221; title_text=&#8221;4&#8243; show_in_lightbox=&#8221;on&#8221; _builder_version=&#8221;4.18.0&#8243; _module_preset=&#8221;default&#8221; global_colors_info=&#8221;{}&#8221;][\/et_pb_image][\/et_pb_column][\/et_pb_row][et_pb_row column_structure=&#8221;1_4,1_4,1_4,1_4&#8243; _builder_version=&#8221;4.18.0&#8243; _module_preset=&#8221;default&#8221; global_colors_info=&#8221;{}&#8221;][et_pb_column type=&#8221;1_4&#8243; _builder_version=&#8221;4.18.0&#8243; _module_preset=&#8221;default&#8221; global_colors_info=&#8221;{}&#8221;][et_pb_image src=&#8221;https:\/\/www.kisallatkorhaz.hu\/cms\/wp-content\/uploads\/5-8-scaled.jpg&#8221; title_text=&#8221;5&#8243; show_in_lightbox=&#8221;on&#8221; _builder_version=&#8221;4.18.0&#8243; _module_preset=&#8221;default&#8221; global_colors_info=&#8221;{}&#8221;][\/et_pb_image][\/et_pb_column][et_pb_column type=&#8221;1_4&#8243; _builder_version=&#8221;4.18.0&#8243; _module_preset=&#8221;default&#8221; global_colors_info=&#8221;{}&#8221;][et_pb_image src=&#8221;https:\/\/www.kisallatkorhaz.hu\/cms\/wp-content\/uploads\/6-5-scaled.jpg&#8221; title_text=&#8221;6&#8243; show_in_lightbox=&#8221;on&#8221; _builder_version=&#8221;4.18.0&#8243; _module_preset=&#8221;default&#8221; global_colors_info=&#8221;{}&#8221;][\/et_pb_image][\/et_pb_column][et_pb_column type=&#8221;1_4&#8243; _builder_version=&#8221;4.18.0&#8243; _module_preset=&#8221;default&#8221; global_colors_info=&#8221;{}&#8221;][et_pb_image src=&#8221;https:\/\/www.kisallatkorhaz.hu\/cms\/wp-content\/uploads\/7-2-scaled.jpg&#8221; title_text=&#8221;7&#8243; show_in_lightbox=&#8221;on&#8221; _builder_version=&#8221;4.18.0&#8243; _module_preset=&#8221;default&#8221; global_colors_info=&#8221;{}&#8221;][\/et_pb_image][\/et_pb_column][et_pb_column type=&#8221;1_4&#8243; _builder_version=&#8221;4.18.0&#8243; _module_preset=&#8221;default&#8221; global_colors_info=&#8221;{}&#8221;][et_pb_image src=&#8221;https:\/\/www.kisallatkorhaz.hu\/cms\/wp-content\/uploads\/8-2-scaled.jpg&#8221; title_text=&#8221;8&#8243; show_in_lightbox=&#8221;on&#8221; _builder_version=&#8221;4.18.0&#8243; _module_preset=&#8221;default&#8221; global_colors_info=&#8221;{}&#8221;][\/et_pb_image][\/et_pb_column][\/et_pb_row][\/et_pb_section]<\/p>\n","protected":false},"excerpt":{"rendered":"<p>A cic\u00e1k eg\u00e9szen m\u00e1sk\u00e9pp \u00e9rz\u00e9kelik \u00e9s \u00e9lik meg a vil\u00e1got, mint ak\u00e1r a kuty\u00e1k, ak\u00e1r mi, emberek. Kommunik\u00e1ci\u00f3juk, ig\u00e9nyeik \u00e9s viselked\u00e9si mint\u00e1zataik is saj\u00e1tosak. \u00c9ppen ez\u00e9rt a macsk\u00e1k a legf\u00e9lre\u00e9rtettebb h\u00e1zi kedvencek k\u00f6z\u00e9 tartoznak.Sajnos m\u00e9g ma is sokan \u2013 olykor szakemberek is \u2013 \u201ekis kutyak\u00e9nt\u201d kezelik \u0151ket, ami komoly hiba, \u00e9s jelent\u0151s stresszt okozhat sz\u00e1mukra. [&hellip;]<\/p>\n","protected":false},"author":1,"featured_media":0,"parent":0,"menu_order":0,"comment_status":"closed","ping_status":"closed","template":"","meta":{"_et_pb_use_builder":"on","_et_pb_old_content":"","_et_gb_content_width":"","two_page_speed":[],"footnotes":""},"class_list":["post-32115","page","type-page","status-publish","hentry"],"_links":{"self":[{"href":"https:\/\/www.kisallatkorhaz.hu\/cms\/wp-json\/wp\/v2\/pages\/32115","targetHints":{"allow":["GET"]}}],"collection":[{"href":"https:\/\/www.kisallatkorhaz.hu\/cms\/wp-json\/wp\/v2\/pages"}],"about":[{"href":"https:\/\/www.kisallatkorhaz.hu\/cms\/wp-json\/wp\/v2\/types\/page"}],"author":[{"embeddable":true,"href":"https:\/\/www.kisallatkorhaz.hu\/cms\/wp-json\/wp\/v2\/users\/1"}],"replies":[{"embeddable":true,"href":"https:\/\/www.kisallatkorhaz.hu\/cms\/wp-json\/wp\/v2\/comments?post=32115"}],"version-history":[{"count":16,"href":"https:\/\/www.kisallatkorhaz.hu\/cms\/wp-json\/wp\/v2\/pages\/32115\/revisions"}],"predecessor-version":[{"id":43052,"href":"https:\/\/www.kisallatkorhaz.hu\/cms\/wp-json\/wp\/v2\/pages\/32115\/revisions\/43052"}],"wp:attachment":[{"href":"https:\/\/www.kisallatkorhaz.hu\/cms\/wp-json\/wp\/v2\/media?parent=32115"}],"curies":[{"name":"wp","href":"https:\/\/api.w.org\/{rel}","templated":true}]}}