{"id":42885,"date":"2025-06-12T19:12:33","date_gmt":"2025-06-12T17:12:33","guid":{"rendered":"https:\/\/www.kisallatkorhaz.hu\/cms\/?page_id=42885"},"modified":"2026-01-29T08:39:24","modified_gmt":"2026-01-29T07:39:24","slug":"rendelesi-ido","status":"publish","type":"page","link":"https:\/\/www.kisallatkorhaz.hu\/cms\/rendelesi-ido\/","title":{"rendered":"Rendel\u00e9si id\u0151"},"content":{"rendered":"<p>[et_pb_section fb_built=&#8221;1&#8243; fullwidth=&#8221;on&#8221; admin_label=&#8221;section&#8221; _builder_version=&#8221;4.16&#8243; top_divider_style=&#8221;slant2&#8243; top_divider_color=&#8221;#EFEFEF&#8221; top_divider_flip=&#8221;horizontal&#8221; bottom_divider_style=&#8221;slant2&#8243; bottom_divider_color=&#8221;#ffffff&#8221; bottom_divider_flip=&#8221;horizontal&#8221; global_colors_info=&#8221;{}&#8221;][et_pb_fullwidth_slider show_arrows=&#8221;off&#8221; show_pagination=&#8221;off&#8221; admin_label=&#8221;Teljes sz\u00e9less\u00e9g? lapoz\u00f3&#8221; _builder_version=&#8221;4.16&#8243; custom_padding=&#8221;|||&#8221; custom_padding_tablet=&#8221;|||&#8221; custom_padding_phone=&#8221;|||&#8221; remove_inner_shadow=&#8221;on&#8221; hide_content_on_mobile=&#8221;off&#8221; hide_cta_on_mobile=&#8221;off&#8221; show_inner_shadow=&#8221;off&#8221; global_colors_info=&#8221;{}&#8221; button_text_size__hover_enabled=&#8221;off&#8221; button_text_size__hover=&#8221;null&#8221; button_one_text_size__hover_enabled=&#8221;off&#8221; button_one_text_size__hover=&#8221;null&#8221; button_two_text_size__hover_enabled=&#8221;off&#8221; button_two_text_size__hover=&#8221;null&#8221; button_text_color__hover_enabled=&#8221;off&#8221; button_text_color__hover=&#8221;null&#8221; button_one_text_color__hover_enabled=&#8221;off&#8221; button_one_text_color__hover=&#8221;null&#8221; button_two_text_color__hover_enabled=&#8221;off&#8221; button_two_text_color__hover=&#8221;null&#8221; button_border_width__hover_enabled=&#8221;off&#8221; button_border_width__hover=&#8221;null&#8221; button_one_border_width__hover_enabled=&#8221;off&#8221; button_one_border_width__hover=&#8221;null&#8221; button_two_border_width__hover_enabled=&#8221;off&#8221; button_two_border_width__hover=&#8221;null&#8221; button_border_color__hover_enabled=&#8221;off&#8221; button_border_color__hover=&#8221;null&#8221; button_one_border_color__hover_enabled=&#8221;off&#8221; button_one_border_color__hover=&#8221;null&#8221; button_two_border_color__hover_enabled=&#8221;off&#8221; button_two_border_color__hover=&#8221;null&#8221; button_border_radius__hover_enabled=&#8221;off&#8221; button_border_radius__hover=&#8221;null&#8221; button_one_border_radius__hover_enabled=&#8221;off&#8221; button_one_border_radius__hover=&#8221;null&#8221; button_two_border_radius__hover_enabled=&#8221;off&#8221; button_two_border_radius__hover=&#8221;null&#8221; button_letter_spacing__hover_enabled=&#8221;off&#8221; button_letter_spacing__hover=&#8221;null&#8221; button_one_letter_spacing__hover_enabled=&#8221;off&#8221; button_one_letter_spacing__hover=&#8221;null&#8221; button_two_letter_spacing__hover_enabled=&#8221;off&#8221; button_two_letter_spacing__hover=&#8221;null&#8221; button_bg_color__hover_enabled=&#8221;off&#8221; button_bg_color__hover=&#8221;null&#8221; button_one_bg_color__hover_enabled=&#8221;off&#8221; button_one_bg_color__hover=&#8221;null&#8221; button_two_bg_color__hover_enabled=&#8221;off&#8221; button_two_bg_color__hover=&#8221;null&#8221;][et_pb_slide _builder_version=&#8221;4.16&#8243; background_color=&#8221;#ffffff&#8221; background_image=&#8221;https:\/\/www.kisallatkorhaz.hu\/cms\/wp-content\/uploads\/aabningstider.jpg&#8221; button_icon_placement=&#8221;right&#8221; button_on_hover=&#8221;on&#8221; global_colors_info=&#8221;{}&#8221; button_text_size__hover_enabled=&#8221;off&#8221; button_one_text_size__hover_enabled=&#8221;off&#8221; button_two_text_size__hover_enabled=&#8221;off&#8221; button_text_color__hover_enabled=&#8221;off&#8221; button_one_text_color__hover_enabled=&#8221;off&#8221; button_two_text_color__hover_enabled=&#8221;off&#8221; button_border_width__hover_enabled=&#8221;off&#8221; button_one_border_width__hover_enabled=&#8221;off&#8221; button_two_border_width__hover_enabled=&#8221;off&#8221; button_border_color__hover_enabled=&#8221;off&#8221; button_one_border_color__hover_enabled=&#8221;off&#8221; button_two_border_color__hover_enabled=&#8221;off&#8221; button_border_radius__hover_enabled=&#8221;off&#8221; button_one_border_radius__hover_enabled=&#8221;off&#8221; button_two_border_radius__hover_enabled=&#8221;off&#8221; button_letter_spacing__hover_enabled=&#8221;off&#8221; button_one_letter_spacing__hover_enabled=&#8221;off&#8221; button_two_letter_spacing__hover_enabled=&#8221;off&#8221; button_bg_color__hover_enabled=&#8221;off&#8221; button_one_bg_color__hover_enabled=&#8221;off&#8221; button_two_bg_color__hover_enabled=&#8221;off&#8221; sticky_transition=&#8221;on&#8221;][\/et_pb_slide][\/et_pb_fullwidth_slider][\/et_pb_section][et_pb_section fb_built=&#8221;1&#8243; admin_label=&#8221;section&#8221; _builder_version=&#8221;4.16&#8243; custom_padding=&#8221;54px|0px|104px|0px&#8221; bottom_divider_style=&#8221;wave2&#8243; bottom_divider_color=&#8221;#222222&#8243; global_colors_info=&#8221;{}&#8221;][et_pb_row admin_label=&#8221;Sor&#8221; _builder_version=&#8221;4.16&#8243; background_size=&#8221;initial&#8221; background_position=&#8221;top_left&#8221; background_repeat=&#8221;repeat&#8221; hover_enabled=&#8221;0&#8243; global_colors_info=&#8221;{}&#8221; sticky_enabled=&#8221;0&#8243;][et_pb_column type=&#8221;4_4&#8243; _builder_version=&#8221;4.16&#8243; custom_padding=&#8221;|||&#8221; global_colors_info=&#8221;{}&#8221; custom_padding__hover=&#8221;|||&#8221;][et_pb_text admin_label=&#8221;Sz\u00f6veg&#8221; _builder_version=&#8221;4.16&#8243; background_size=&#8221;initial&#8221; background_position=&#8221;top_left&#8221; background_repeat=&#8221;repeat&#8221; hover_enabled=&#8221;0&#8243; use_border_color=&#8221;off&#8221; border_color=&#8221;#ffffff&#8221; border_style=&#8221;solid&#8221; global_colors_info=&#8221;{}&#8221; sticky_enabled=&#8221;0&#8243;]<\/p>\n<h2 style=\"text-align: center;\">Nyitvatart\u00e1si &#8211; Rendel\u00e9si id\u0151<\/h2>\n<p style=\"text-align: center;\">\u00c1llatorvosi rendel\u0151nk meghosszabb\u00edtott, gyakorlatilag eg\u00e9sz napos nyitvatart\u00e1si id\u0151vel v\u00e1rja Betegeit!<\/p>\n<p>[\/et_pb_text][\/et_pb_column][\/et_pb_row][et_pb_row column_structure=&#8221;1_3,2_3&#8243; padding_mobile=&#8221;off&#8221; make_equal=&#8221;on&#8221; column_padding_mobile=&#8221;on&#8221; admin_label=&#8221;row&#8221; _builder_version=&#8221;4.16&#8243; background_size=&#8221;initial&#8221; background_position=&#8221;top_left&#8221; background_repeat=&#8221;repeat&#8221; hover_enabled=&#8221;0&#8243; global_colors_info=&#8221;{}&#8221; sticky_enabled=&#8221;0&#8243;][et_pb_column type=&#8221;1_3&#8243; _builder_version=&#8221;4.16&#8243; custom_padding=&#8221;|||&#8221; global_colors_info=&#8221;{}&#8221; custom_padding__hover=&#8221;|||&#8221;][et_pb_text _builder_version=&#8221;4.16&#8243; hover_enabled=&#8221;0&#8243; global_colors_info=&#8221;{}&#8221; sticky_enabled=&#8221;0&#8243;]<div class=\"iva_bh_shortcode   \" ><div class=\"ivabh-businesshours \"><div class=\"ivabh-hours show316\" ><div class=\"iva_bhp_hours_row \" ><span class=\"days\">&nbsp;h\u00e9tf\u0151<\/span><span class=\"hours\"><span class=\"hours-row\">07:00-20:00<\/span><\/span><\/div><div class=\"iva_bhp_hours_row ivabh-current-day\"  style=\"color:#c9ef21\"><span class=\"days\">&nbsp;kedd<\/span><span class=\"hours\"><span class=\"hours-row\">07:00-20:00<span class=\"iva-bh-oc-dot iva_oc_open\"><\/span><\/span><\/span><\/div><div class=\"iva_bhp_hours_row \" ><span class=\"days\">&nbsp;szerda<\/span><span class=\"hours\"><span class=\"hours-row\">07:00-20:00<\/span><\/span><\/div><div class=\"iva_bhp_hours_row \" ><span class=\"days\">&nbsp;cs\u00fct\u00f6rt\u00f6k<\/span><span class=\"hours\"><span class=\"hours-row\">07:00-20:00<\/span><\/span><\/div><div class=\"iva_bhp_hours_row \" ><span class=\"days\">&nbsp;p\u00e9ntek<\/span><span class=\"hours\"><span class=\"hours-row\">07:00-20:00<\/span><\/span><\/div><div class=\"iva_bhp_hours_row \" ><span class=\"days\">&nbsp;szombat<\/span><span class=\"hours\"><span class=\"hours-row\">09:00-12:00<\/span><\/span><\/div><div class=\"iva_bhp_hours_row \" ><span class=\"days\">&nbsp;vas\u00e1rnap<\/span><span class=\"hours\"><span class=\"hours-row\">16:00-19:00<\/span><\/span><\/div><\/div><div class=\"ivabh-desc\">\u00c1llatorvosi rendel\u0151int\u00e9zet\u00fcnk meghosszabb\u00edtott, \r\ngyakorlatilag eg\u00e9sz napos nyitvatart\u00e1si id\u0151vel v\u00e1rja Betegeit!<\/div><\/div><\/div><br \/>\n[\/et_pb_text][\/et_pb_column][et_pb_column type=&#8221;2_3&#8243; _builder_version=&#8221;4.16&#8243; custom_padding=&#8221;|||&#8221; global_colors_info=&#8221;{}&#8221; custom_padding__hover=&#8221;|||&#8221;][et_pb_cta title=&#8221;Id\u0151pontfoglal\u00e1s&#8221; button_url=&#8221;https:\/\/www.kisallatkorhaz.hu\/cms\/idopont_foglalas\/&#8221; button_text=&#8221;Foglaljon id\u0151pontot most!&#8221; admin_label=&#8221;Cselekv\u00e9sre felh\u00edv\u00e1s gomb&#8221; _builder_version=&#8221;4.23&#8243; use_background_color=&#8221;off&#8221; background_size=&#8221;initial&#8221; background_position=&#8221;top_left&#8221; background_repeat=&#8221;repeat&#8221; text_orientation=&#8221;right&#8221; background_layout=&#8221;light&#8221; use_border_color=&#8221;off&#8221; border_color=&#8221;#ffffff&#8221; border_style=&#8221;solid&#8221; global_colors_info=&#8221;{}&#8221; button_text_size__hover_enabled=&#8221;off&#8221; button_text_size__hover=&#8221;null&#8221; button_one_text_size__hover_enabled=&#8221;off&#8221; button_one_text_size__hover=&#8221;null&#8221; button_two_text_size__hover_enabled=&#8221;off&#8221; button_two_text_size__hover=&#8221;null&#8221; button_text_color__hover_enabled=&#8221;off&#8221; button_text_color__hover=&#8221;null&#8221; button_one_text_color__hover_enabled=&#8221;off&#8221; button_one_text_color__hover=&#8221;null&#8221; button_two_text_color__hover_enabled=&#8221;off&#8221; button_two_text_color__hover=&#8221;null&#8221; button_border_width__hover_enabled=&#8221;off&#8221; button_border_width__hover=&#8221;null&#8221; button_one_border_width__hover_enabled=&#8221;off&#8221; button_one_border_width__hover=&#8221;null&#8221; button_two_border_width__hover_enabled=&#8221;off&#8221; button_two_border_width__hover=&#8221;null&#8221; button_border_color__hover_enabled=&#8221;off&#8221; button_border_color__hover=&#8221;null&#8221; button_one_border_color__hover_enabled=&#8221;off&#8221; button_one_border_color__hover=&#8221;null&#8221; button_two_border_color__hover_enabled=&#8221;off&#8221; button_two_border_color__hover=&#8221;null&#8221; button_border_radius__hover_enabled=&#8221;off&#8221; button_border_radius__hover=&#8221;null&#8221; button_one_border_radius__hover_enabled=&#8221;off&#8221; button_one_border_radius__hover=&#8221;null&#8221; button_two_border_radius__hover_enabled=&#8221;off&#8221; button_two_border_radius__hover=&#8221;null&#8221; button_letter_spacing__hover_enabled=&#8221;off&#8221; button_letter_spacing__hover=&#8221;null&#8221; button_one_letter_spacing__hover_enabled=&#8221;off&#8221; button_one_letter_spacing__hover=&#8221;null&#8221; button_two_letter_spacing__hover_enabled=&#8221;off&#8221; button_two_letter_spacing__hover=&#8221;null&#8221; button_bg_color__hover_enabled=&#8221;off&#8221; button_bg_color__hover=&#8221;null&#8221; button_one_bg_color__hover_enabled=&#8221;off&#8221; button_one_bg_color__hover=&#8221;null&#8221; button_two_bg_color__hover_enabled=&#8221;off&#8221; button_two_bg_color__hover=&#8221;null&#8221;]<\/p>\n<p>Haszn\u00e1lja id\u0151pontfogl\u00e1si rendszer\u00fcnket \u00edgy id\u0151t \u00e9s p\u00e9nzt takar\u00edthat meg.<br \/>Foglal\u00e1s\u00e1r\u00f3l sms\/e-mail eml\u00e9keztet\u0151t kap a kiv\u00e1lasztott szolg\u00e1ltat\u00e1ssal kapcsolatban.<\/p>\n<p>[\/et_pb_cta][\/et_pb_column][\/et_pb_row][\/et_pb_section]<\/p>\n","protected":false},"excerpt":{"rendered":"<p>Nyitvatart\u00e1si &#8211; Rendel\u00e9si id\u0151 \u00c1llatorvosi rendel\u0151nk meghosszabb\u00edtott, gyakorlatilag eg\u00e9sz napos nyitvatart\u00e1si id\u0151vel v\u00e1rja Betegeit! <div class=\"iva_bh_shortcode   \" ><div class=\"ivabh-businesshours \"><div class=\"ivabh-hours show349\" ><div class=\"iva_bhp_hours_row \" ><span class=\"days\">&nbsp;h\u00e9tf\u0151<\/span><span class=\"hours\"><span class=\"hours-row\">07:00-20:00<\/span><\/span><\/div><div class=\"iva_bhp_hours_row ivabh-current-day\"  style=\"color:#c9ef21\"><span class=\"days\">&nbsp;kedd<\/span><span class=\"hours\"><span class=\"hours-row\">07:00-20:00<span class=\"iva-bh-oc-dot iva_oc_open\"><\/span><\/span><\/span><\/div><div class=\"iva_bhp_hours_row \" ><span class=\"days\">&nbsp;szerda<\/span><span class=\"hours\"><span class=\"hours-row\">07:00-20:00<\/span><\/span><\/div><div class=\"iva_bhp_hours_row \" ><span class=\"days\">&nbsp;cs\u00fct\u00f6rt\u00f6k<\/span><span class=\"hours\"><span class=\"hours-row\">07:00-20:00<\/span><\/span><\/div><div class=\"iva_bhp_hours_row \" ><span class=\"days\">&nbsp;p\u00e9ntek<\/span><span class=\"hours\"><span class=\"hours-row\">07:00-20:00<\/span><\/span><\/div><div class=\"iva_bhp_hours_row \" ><span class=\"days\">&nbsp;szombat<\/span><span class=\"hours\"><span class=\"hours-row\">09:00-12:00<\/span><\/span><\/div><div class=\"iva_bhp_hours_row \" ><span class=\"days\">&nbsp;vas\u00e1rnap<\/span><span class=\"hours\"><span class=\"hours-row\">16:00-19:00<\/span><\/span><\/div><\/div><div class=\"ivabh-desc\">\u00c1llatorvosi rendel\u0151int\u00e9zet\u00fcnk meghosszabb\u00edtott, \r\ngyakorlatilag eg\u00e9sz napos nyitvatart\u00e1si id\u0151vel v\u00e1rja Betegeit!<\/div><\/div><\/div> Haszn\u00e1lja id\u0151pontfogl\u00e1si rendszer\u00fcnket \u00edgy id\u0151t \u00e9s p\u00e9nzt takar\u00edthat meg.Foglal\u00e1s\u00e1r\u00f3l sms\/e-mail eml\u00e9keztet\u0151t kap a kiv\u00e1lasztott szolg\u00e1ltat\u00e1ssal kapcsolatban.<\/p>\n","protected":false},"author":1,"featured_media":0,"parent":0,"menu_order":0,"comment_status":"closed","ping_status":"closed","template":"","meta":{"_et_pb_use_builder":"on","_et_pb_old_content":"<p>[et_pb_section bb_built=\"1\" admin_label=\"section\" fullwidth=\"on\" _builder_version=\"3.0.106\" top_divider_style=\"slant2\" top_divider_color=\"#EFEFEF\" top_divider_flip=\"horizontal\" bottom_divider_style=\"slant2\" bottom_divider_color=\"#ffffff\" bottom_divider_flip=\"horizontal\" next_background_color=\"#000000\"][et_pb_fullwidth_slider admin_label=\"Teljes sz\u00e9less\u00e9g? lapoz\u00f3\" show_arrows=\"off\" show_pagination=\"off\" _builder_version=\"3.0.47\" background_size=\"default\" background_position=\"default\" custom_padding=\"|||\" custom_padding_tablet=\"|||\" custom_padding_phone=\"|||\" remove_inner_shadow=\"on\" hide_content_on_mobile=\"off\" hide_cta_on_mobile=\"off\" show_inner_shadow=\"off\" show_content_on_mobile=\"on\" show_cta_on_mobile=\"on\" box_shadow_horizontal=\"0px\" box_shadow_vertical=\"0px\" box_shadow_blur=\"10px\" box_shadow_spread=\"0px\" box_shadow_position=\"inner\" box_shadow_color=\"rgba(0,0,0,0.1)\" box_shadow_style=\"none\" button_text_size__hover_enabled=\"off\" button_text_size__hover=\"null\" button_one_text_size__hover_enabled=\"off\" button_one_text_size__hover=\"null\" button_two_text_size__hover_enabled=\"off\" button_two_text_size__hover=\"null\" button_text_color__hover_enabled=\"off\" button_text_color__hover=\"null\" button_one_text_color__hover_enabled=\"off\" button_one_text_color__hover=\"null\" button_two_text_color__hover_enabled=\"off\" button_two_text_color__hover=\"null\" button_border_width__hover_enabled=\"off\" button_border_width__hover=\"null\" button_one_border_width__hover_enabled=\"off\" button_one_border_width__hover=\"null\" button_two_border_width__hover_enabled=\"off\" button_two_border_width__hover=\"null\" button_border_color__hover_enabled=\"off\" button_border_color__hover=\"null\" button_one_border_color__hover_enabled=\"off\" button_one_border_color__hover=\"null\" button_two_border_color__hover_enabled=\"off\" button_two_border_color__hover=\"null\" button_border_radius__hover_enabled=\"off\" button_border_radius__hover=\"null\" button_one_border_radius__hover_enabled=\"off\" button_one_border_radius__hover=\"null\" button_two_border_radius__hover_enabled=\"off\" button_two_border_radius__hover=\"null\" button_letter_spacing__hover_enabled=\"off\" button_letter_spacing__hover=\"null\" button_one_letter_spacing__hover_enabled=\"off\" button_one_letter_spacing__hover=\"null\" button_two_letter_spacing__hover_enabled=\"off\" button_two_letter_spacing__hover=\"null\" button_bg_color__hover_enabled=\"off\" button_bg_color__hover=\"null\" button_one_bg_color__hover_enabled=\"off\" button_one_bg_color__hover=\"null\" button_two_bg_color__hover_enabled=\"off\" button_two_bg_color__hover=\"null\"][et_pb_slide _builder_version=\"3.0.47\" background_color=\"#ffffff\" background_image=\"https:\/\/www.kisallatkorhaz.hu\/cms\/wp-content\/uploads\/aabningstider.jpg\" background_position=\"default\" button_icon_placement=\"right\" button_on_hover=\"on\"][\/et_pb_slide][\/et_pb_fullwidth_slider][\/et_pb_section][et_pb_section bb_built=\"1\" admin_label=\"section\" _builder_version=\"3.0.106\" custom_padding=\"54px|0px|104px|0px\" bottom_divider_style=\"wave2\" bottom_divider_color=\"#222222\" prev_background_color=\"#000000\"][et_pb_row admin_label=\"Sor\" _builder_version=\"3.0.47\" background_size=\"initial\" background_position=\"top_left\" background_repeat=\"repeat\"][et_pb_column type=\"4_4\"][et_pb_text admin_label=\"Sz\u00f6veg\" _builder_version=\"3.0.47\" background_size=\"initial\" background_position=\"top_left\" background_repeat=\"repeat\" use_border_color=\"off\" border_color=\"#ffffff\" border_style=\"solid\"]<\/p><h2 style=\"text-align: center;\">Nyitvatart\u00e1si - Rendel\u00e9si id\u0151<\/h2><p style=\"text-align: center;\">\u00c1llatorvosi rendel\u0151nk meghosszabb\u00edtott, gyakorlatilag eg\u00e9sz napos nyitvatart\u00e1si id\u0151vel v\u00e1rja Betegeit!<\/p><p>[\/et_pb_text][\/et_pb_column][\/et_pb_row][et_pb_row admin_label=\"row\" padding_mobile=\"off\" make_equal=\"on\" column_padding_mobile=\"on\" parallax_method_1=\"off\" parallax_method_2=\"off\" _builder_version=\"3.0.47\" background_size=\"initial\" background_position=\"top_left\" background_repeat=\"repeat\"][et_pb_column type=\"1_3\"][et_pb_text _builder_version=\"3.19.12\"]<\/p><p>[iva_bhrs name=\"nyitvatartas\"]<\/p><p>[\/et_pb_text][\/et_pb_column][et_pb_column type=\"2_3\"][et_pb_cta admin_label=\"Cselekv\u00e9sre felh\u00edv\u00e1s gomb\" title=\"Id\u0151pontfoglal\u00e1s\" button_url=\"https:\/\/www.kisallatkorhaz.hu\/cms\/idopont_foglalas\/\" button_text=\"Foglaljon id\u0151pontot most!\" _builder_version=\"3.0.47\" use_background_color=\"off\" background_size=\"initial\" background_position=\"top_left\" background_repeat=\"repeat\" text_orientation=\"right\" background_layout=\"light\" use_border_color=\"off\" border_color=\"#ffffff\" border_style=\"solid\" button_text_size__hover_enabled=\"off\" button_text_size__hover=\"null\" button_one_text_size__hover_enabled=\"off\" button_one_text_size__hover=\"null\" button_two_text_size__hover_enabled=\"off\" button_two_text_size__hover=\"null\" button_text_color__hover_enabled=\"off\" button_text_color__hover=\"null\" button_one_text_color__hover_enabled=\"off\" button_one_text_color__hover=\"null\" button_two_text_color__hover_enabled=\"off\" button_two_text_color__hover=\"null\" button_border_width__hover_enabled=\"off\" button_border_width__hover=\"null\" button_one_border_width__hover_enabled=\"off\" button_one_border_width__hover=\"null\" button_two_border_width__hover_enabled=\"off\" button_two_border_width__hover=\"null\" button_border_color__hover_enabled=\"off\" button_border_color__hover=\"null\" button_one_border_color__hover_enabled=\"off\" button_one_border_color__hover=\"null\" button_two_border_color__hover_enabled=\"off\" button_two_border_color__hover=\"null\" button_border_radius__hover_enabled=\"off\" button_border_radius__hover=\"null\" button_one_border_radius__hover_enabled=\"off\" button_one_border_radius__hover=\"null\" button_two_border_radius__hover_enabled=\"off\" button_two_border_radius__hover=\"null\" button_letter_spacing__hover_enabled=\"off\" button_letter_spacing__hover=\"null\" button_one_letter_spacing__hover_enabled=\"off\" button_one_letter_spacing__hover=\"null\" button_two_letter_spacing__hover_enabled=\"off\" button_two_letter_spacing__hover=\"null\" button_bg_color__hover_enabled=\"off\" button_bg_color__hover=\"null\" button_one_bg_color__hover_enabled=\"off\" button_one_bg_color__hover=\"null\" button_two_bg_color__hover_enabled=\"off\" button_two_bg_color__hover=\"null\"]<\/p><p>Haszn\u00e1lja id\u0151pontfogl\u00e1si rendszer\u00fcnket \u00edgy id\u0151t \u00e9s p\u00e9nzt takar\u00edthat meg.<br \/>Foglal\u00e1s\u00e1r\u00f3l sms\/e-mail eml\u00e9keztet\u0151t kap a kiv\u00e1lasztott szolg\u00e1ltat\u00e1ssal kapcsolatban.<\/p><p>[\/et_pb_cta][\/et_pb_column][\/et_pb_row][et_pb_row admin_label=\"row\" make_equal=\"on\" column_padding_mobile=\"on\" parallax_method_1=\"off\" parallax_method_2=\"off\" _builder_version=\"3.0.47\" background_size=\"initial\" background_position=\"top_left\" background_repeat=\"repeat\" custom_padding=\"0|0px|27px|0px|false|false\"][et_pb_column type=\"4_4\"][\/et_pb_column][\/et_pb_row][\/et_pb_section]<\/p>","_et_gb_content_width":"","two_page_speed":[],"footnotes":""},"class_list":["post-42885","page","type-page","status-publish","hentry"],"_links":{"self":[{"href":"https:\/\/www.kisallatkorhaz.hu\/cms\/wp-json\/wp\/v2\/pages\/42885","targetHints":{"allow":["GET"]}}],"collection":[{"href":"https:\/\/www.kisallatkorhaz.hu\/cms\/wp-json\/wp\/v2\/pages"}],"about":[{"href":"https:\/\/www.kisallatkorhaz.hu\/cms\/wp-json\/wp\/v2\/types\/page"}],"author":[{"embeddable":true,"href":"https:\/\/www.kisallatkorhaz.hu\/cms\/wp-json\/wp\/v2\/users\/1"}],"replies":[{"embeddable":true,"href":"https:\/\/www.kisallatkorhaz.hu\/cms\/wp-json\/wp\/v2\/comments?post=42885"}],"version-history":[{"count":4,"href":"https:\/\/www.kisallatkorhaz.hu\/cms\/wp-json\/wp\/v2\/pages\/42885\/revisions"}],"predecessor-version":[{"id":43053,"href":"https:\/\/www.kisallatkorhaz.hu\/cms\/wp-json\/wp\/v2\/pages\/42885\/revisions\/43053"}],"wp:attachment":[{"href":"https:\/\/www.kisallatkorhaz.hu\/cms\/wp-json\/wp\/v2\/media?parent=42885"}],"curies":[{"name":"wp","href":"https:\/\/api.w.org\/{rel}","templated":true}]}}