{"id":42891,"date":"2025-06-12T19:30:18","date_gmt":"2025-06-12T17:30:18","guid":{"rendered":"https:\/\/www.kisallatkorhaz.hu\/cms\/?page_id=42891"},"modified":"2025-06-19T13:35:06","modified_gmt":"2025-06-19T11:35:06","slug":"elerhetoseg","status":"publish","type":"page","link":"https:\/\/www.kisallatkorhaz.hu\/cms\/elerhetoseg\/","title":{"rendered":"El\u00e9rhet\u0151s\u00e9g"},"content":{"rendered":"<p>[et_pb_section fb_built=&#8221;1&#8243; fullwidth=&#8221;on&#8221; _builder_version=&#8221;4.23&#8243; _module_preset=&#8221;default&#8221; global_colors_info=&#8221;{}&#8221;][et_pb_fullwidth_map address=&#8221;Budapest, XX. u. 2, 1172 Magyarorsz\u00e1g&#8221; address_lat=&#8221;47.4928021&#8243; address_lng=&#8221;19.2606506&#8243; _builder_version=&#8221;4.23&#8243; _module_preset=&#8221;default&#8221; hover_enabled=&#8221;0&#8243; global_colors_info=&#8221;{}&#8221; zoom_level=&#8221;11&#8243; sticky_enabled=&#8221;0&#8243;][et_pb_map_pin _builder_version=&#8221;4.23&#8243; _module_preset=&#8221;default&#8221; pin_address=&#8221;Budapest, XX. u. 2, 1172 Magyarorsz\u00e1g&#8221; pin_address_lat=&#8221;47.4928021&#8243; pin_address_lng=&#8221;19.2606506&#8243; title=&#8221;R\u00e1kosligeti \u00c1llatorvosi Rendel\u0151int\u00e9zet&#8221; hover_enabled=&#8221;0&#8243; sticky_enabled=&#8221;0&#8243;][\/et_pb_map_pin][\/et_pb_fullwidth_map][\/et_pb_section]<\/p>\n","protected":false},"excerpt":{"rendered":"","protected":false},"author":1,"featured_media":0,"parent":0,"menu_order":0,"comment_status":"closed","ping_status":"closed","template":"","meta":{"_et_pb_use_builder":"on","_et_pb_old_content":"","_et_gb_content_width":"","two_page_speed":null,"footnotes":""},"class_list":["post-42891","page","type-page","status-publish","hentry"],"_links":{"self":[{"href":"https:\/\/www.kisallatkorhaz.hu\/cms\/wp-json\/wp\/v2\/pages\/42891","targetHints":{"allow":["GET"]}}],"collection":[{"href":"https:\/\/www.kisallatkorhaz.hu\/cms\/wp-json\/wp\/v2\/pages"}],"about":[{"href":"https:\/\/www.kisallatkorhaz.hu\/cms\/wp-json\/wp\/v2\/types\/page"}],"author":[{"embeddable":true,"href":"https:\/\/www.kisallatkorhaz.hu\/cms\/wp-json\/wp\/v2\/users\/1"}],"replies":[{"embeddable":true,"href":"https:\/\/www.kisallatkorhaz.hu\/cms\/wp-json\/wp\/v2\/comments?post=42891"}],"version-history":[{"count":13,"href":"https:\/\/www.kisallatkorhaz.hu\/cms\/wp-json\/wp\/v2\/pages\/42891\/revisions"}],"predecessor-version":[{"id":42937,"href":"https:\/\/www.kisallatkorhaz.hu\/cms\/wp-json\/wp\/v2\/pages\/42891\/revisions\/42937"}],"wp:attachment":[{"href":"https:\/\/www.kisallatkorhaz.hu\/cms\/wp-json\/wp\/v2\/media?parent=42891"}],"curies":[{"name":"wp","href":"https:\/\/api.w.org\/{rel}","templated":true}]}}