{"id":481,"date":"2016-06-25T08:52:49","date_gmt":"2016-06-25T08:52:49","guid":{"rendered":"https:\/\/www.kisallatkorhaz.hu\/cms\/?page_id=481"},"modified":"2017-01-24T15:24:29","modified_gmt":"2017-01-24T15:24:29","slug":"tudnivalok-a-toklaszrol","status":"publish","type":"page","link":"https:\/\/www.kisallatkorhaz.hu\/cms\/tudastar-gazdiknak\/tudnivalok-a-toklaszrol\/","title":{"rendered":"Tudnival\u00f3k a tokl\u00e1szr\u00f3l"},"content":{"rendered":"<p>[et_pb_section admin_label=&#8221;Szakasz&#8221; fullwidth=&#8221;on&#8221; specialty=&#8221;off&#8221;][et_pb_fullwidth_slider admin_label=&#8221;Teljes sz\u00e9less\u00e9g\u0171 lapoz\u00f3&#8221; show_arrows=&#8221;off&#8221; show_pagination=&#8221;off&#8221; auto=&#8221;off&#8221; auto_ignore_hover=&#8221;off&#8221; parallax=&#8221;off&#8221; parallax_method=&#8221;off&#8221; remove_inner_shadow=&#8221;off&#8221; background_position=&#8221;default&#8221; background_size=&#8221;default&#8221; hide_content_on_mobile=&#8221;off&#8221; hide_cta_on_mobile=&#8221;off&#8221; show_image_video_mobile=&#8221;off&#8221; custom_button=&#8221;off&#8221; button_letter_spacing=&#8221;0&#8243; button_use_icon=&#8221;default&#8221; button_icon_placement=&#8221;right&#8221; button_on_hover=&#8221;on&#8221; button_letter_spacing_hover=&#8221;0&#8243;]<\/p>\n<p>[et_pb_slide background_image=&#8221;https:\/\/www.kisallatkorhaz.hu\/cms\/wp-content\/uploads\/Hordeum-murinum.jpg&#8221; background_position=&#8221;default&#8221; background_size=&#8221;cover&#8221; background_color=&#8221;#ffffff&#8221; use_bg_overlay=&#8221;off&#8221; use_text_overlay=&#8221;off&#8221; alignment=&#8221;center&#8221; background_layout=&#8221;dark&#8221; allow_player_pause=&#8221;off&#8221; text_border_radius=&#8221;3&#8243; header_font_select=&#8221;default&#8221; header_font=&#8221;||||&#8221; body_font_select=&#8221;default&#8221; body_font=&#8221;||||&#8221; custom_button=&#8221;off&#8221; button_font_select=&#8221;default&#8221; button_font=&#8221;||||&#8221; button_use_icon=&#8221;default&#8221; button_icon_placement=&#8221;right&#8221; button_on_hover=&#8221;on&#8221;] [\/et_pb_slide]<\/p>\n<p>[\/et_pb_fullwidth_slider][\/et_pb_section][et_pb_section admin_label=&#8221;section&#8221;][et_pb_row admin_label=&#8221;Sor&#8221;][et_pb_column type=&#8221;4_4&#8243;][et_pb_text admin_label=&#8221;Sz\u00f6veg&#8221; background_layout=&#8221;light&#8221; text_orientation=&#8221;center&#8221; use_border_color=&#8221;off&#8221; border_color=&#8221;#ffffff&#8221; border_style=&#8221;solid&#8221;]<\/p>\n<h1>Tudnival\u00f3k tokl\u00e1szr\u00f3l<\/h1>\n<p>[\/et_pb_text][\/et_pb_column][\/et_pb_row][et_pb_row admin_label=&#8221;row&#8221;][et_pb_column type=&#8221;1_3&#8243;][et_pb_image admin_label=&#8221;K\u00e9p&#8221; src=&#8221;https:\/\/www.kisallatkorhaz.hu\/cms\/wp-content\/uploads\/toklasz.jpg&#8221; show_in_lightbox=&#8221;off&#8221; url_new_window=&#8221;off&#8221; use_overlay=&#8221;off&#8221; animation=&#8221;off&#8221; sticky=&#8221;off&#8221; align=&#8221;center&#8221; force_fullwidth=&#8221;off&#8221; always_center_on_mobile=&#8221;on&#8221; use_border_color=&#8221;off&#8221; border_color=&#8221;#ffffff&#8221; border_style=&#8221;solid&#8221; title_text=&#8221;Tokl\u00e1sz, rtg k\u00e9pen l\u00e1that\u00f3 gyullad\u00e1s, a tokl\u00e1sz darabok, \u00e9s a f\u00e1jdalmas tokl\u00e1sz gyullad\u00e1s&#8221;]<\/p>\n<p>[\/et_pb_image][et_pb_text admin_label=&#8221;Sz\u00f6veg&#8221; background_layout=&#8221;light&#8221; text_orientation=&#8221;center&#8221; text_font_size=&#8221;10&#8243; use_border_color=&#8221;off&#8221; border_color=&#8221;#ffffff&#8221; border_style=&#8221;solid&#8221;]<\/p>\n<p>Tokl\u00e1sz, rtg k\u00e9pen l\u00e1that\u00f3 gyullad\u00e1s, a tokl\u00e1sz darabok, \u00e9s a f\u00e1jdalmas tokl\u00e1sz gyullad\u00e1s<\/p>\n<p>[\/et_pb_text][et_pb_divider admin_label=&#8221;Elv\u00e1laszt\u00f3&#8221; color=&#8221;#ffffff&#8221; show_divider=&#8221;off&#8221; height=&#8221;3&#8243; divider_style=&#8221;solid&#8221; divider_position=&#8221;top&#8221; hide_on_mobile=&#8221;on&#8221; \/][et_pb_image admin_label=&#8221;K\u00e9p&#8221; src=&#8221;https:\/\/www.kisallatkorhaz.hu\/cms\/wp-content\/uploads\/Hordeum-murinum.jpg&#8221; show_in_lightbox=&#8221;off&#8221; url_new_window=&#8221;off&#8221; use_overlay=&#8221;off&#8221; animation=&#8221;left&#8221; sticky=&#8221;off&#8221; align=&#8221;left&#8221; force_fullwidth=&#8221;off&#8221; always_center_on_mobile=&#8221;on&#8221; use_border_color=&#8221;off&#8221; border_color=&#8221;#ffffff&#8221; border_style=&#8221;solid&#8221;]<\/p>\n<p>[\/et_pb_image][et_pb_text admin_label=&#8221;Sz\u00f6veg&#8221; background_layout=&#8221;light&#8221; text_orientation=&#8221;center&#8221; text_font_size=&#8221;10&#8243; use_border_color=&#8221;off&#8221; border_color=&#8221;#ffffff&#8221; border_style=&#8221;solid&#8221;]<\/p>\n<p>Tokl\u00e1sz mez\u0151<\/p>\n<p>[\/et_pb_text][\/et_pb_column][et_pb_column type=&#8221;2_3&#8243;][et_pb_text admin_label=&#8221;Sz\u00f6veg&#8221; background_layout=&#8221;light&#8221; text_orientation=&#8221;justified&#8221; use_border_color=&#8221;off&#8221; border_color=&#8221;#ffffff&#8221; border_style=&#8221;solid&#8221;]<\/p>\n<h3>Mi is az a &#8222;tokl\u00e1sz&#8221;<\/h3>\n<p align=\"JUSTIFY\">A ny\u00e1ri szabadt\u00e9ri \u00e9lm\u00e9nyek elront\u00f3ja, jellegzetes vesz\u00e9lyforr\u00e1sa a <strong>tokl\u00e1sz<\/strong>. N\u00e9h\u00e1ny fontos tudnival\u00f3t \u00e9rdemes kiemelni ezzel kapcsolatban minden \u00e1llattart\u00f3 sz\u00e1m\u00e1ra.\u00a0A tokl\u00e1sz az eg\u00e9r\u00e1rpa (Hordeum murinum) nev\u0171 gyomn\u00f6v\u00e9ny megsz\u00e1radt, sz\u00e9tes\u0151 kal\u00e1sz\u00e1nak egy darabk\u00e1ja. A f\u0171 kasz\u00e1l\u00e1sa ut\u00e1n a kisz\u00e1radt n\u00f6v\u00e9ny term\u00e9se megsz\u00e1rad, lehullik \u00e9s potenci\u00e1lis vesz\u00e9lyt jelent kedvenceinkre.<\/p>\n<h3>Mit tehet\u00fcnk ha tokl\u00e1szt tal\u00e1lunk ?<\/h3>\n<p align=\"JUSTIFY\">A s\u00e9t\u00e1k alkalm\u00e1val a f\u0171b\u0151l alattomosan a sz\u0151rzetbe ker\u00fcl\u0151 tokl\u00e1szok igen nagy gondot jelenthetnek. \u00c9les, t\u0171szer\u0171 el\u00fcls\u0151 r\u00e9sz\u00fckkel k\u00e9pesek a b\u0151rbe furakodni \u00e9s a b\u0151r alatt haladva komoly sz\u00f6vetroncsol\u00e1st, sz\u00f6vetk\u00e1rosod\u00e1st okozhatnak. Leggyakoribb bejut\u00e1si pontjuk a l\u00e1bujjak k\u00f6z\u00f6tti ter\u00fclet. Ebben az esetben a gazdi a l\u00e1bujjak k\u00f6z\u00f6tt egy kipirosodott, esetleg sav\u00f3san v\u00e1lad\u00e9koz\u00f3 duzzanatot fedez fel, amelyet az \u00e1llat a f\u00e1jdalom miatt folyamatosan nyalogat. Tokl\u00e1sz-gyan\u00fa eset\u00e9n az egyetlen megold\u00e1s a duzzanat megnyit\u00e1sa \u00e9s a ter\u00fclet alapos \u00e1tvizsg\u00e1l\u00e1sa az \u00fan. idegentest-fog\u00f3val, amivel felkereshet\u0151 \u00e9s elt\u00e1vol\u00edthat\u00f3 a probl\u00e9ma forr\u00e1sa. Amennyiben nem tal\u00e1lunk semmit az adott ter\u00fcleten, fert\u0151tlen\u00edt\u00e9s \u00e9s egy gyullad\u00e1scs\u00f6kkent\u0151 kr\u00e9mmel t\u00f6rt\u00e9n\u0151 alapos beken\u00e9s ut\u00e1n gyakran egy \u00fan. p\u00e1rak\u00f6t\u00e9st helyez\u00fcnk fel az \u00e1llat l\u00e1b\u00e1ra, majd 1-2 nap ut\u00e1n ism\u00e9telten megvizsg\u00e1ljuk az adott ter\u00fcletet.<\/p>\n<h3>Hol tal\u00e1lhatunk m\u00e9g, ha az \u00e1ltal\u00e1nos helyeken nem l\u00e1ttunk tokl\u00e1sz kedvenc\u00fcnk\u00f6n ?<\/h3>\n<p align=\"JUSTIFY\">A tokl\u00e1szok nemcsak a b\u0151r al\u00e1, hanem a testny\u00edl\u00e1sokba is befurakodhatnak. Leggyakrabban a hall\u00f3j\u00e1ratba jutnak be, ahol a f\u00fclgyullad\u00e1sok kialak\u00edt\u00e1s\u00e1n k\u00edv\u00fcl a dobh\u00e1rtya \u00e9ps\u00e9g\u00e9t is vesz\u00e9lyeztethetik. Erre akkor van gyan\u00fa, ha az \u00e1llat a s\u00e9ta ut\u00e1n k\u00e9nyszeresen r\u00e1zza a fej\u00e9t, vagy az egyik oldalra d\u00f6nti azt. A probl\u00e9ma rendszerint igen f\u00e1jdalmas. Ha a f\u00fclh\u00f6z \u00e9rve hirtelen felny\u00fcsz\u00edt, elh\u00fazza mag\u00e1t, esetleg odakap a kutya, igen nagy a val\u00f3sz\u00edn\u0171s\u00e9ge, hogy ezzel \u00e1llunk szemben. Term\u00e9szetesen egy ?sima? f\u00fclgyullad\u00e1sn\u00e1l is hasonl\u00f3 t\u00fcneteket \u00e9szlelhet\u00fcnk, ez\u00e9rt ilyen esetben mindenk\u00e9ppen keress\u00fck fel az \u00e1llatorvost, aki egy speci\u00e1lis m\u0171szerrel \u00e1t tudja vizsg\u00e1lni a hall\u00f3j\u00e1ratot \u00e9s meg\u00e1llap\u00edthatja a baj forr\u00e1s\u00e1t. A tokl\u00e1szt a f\u00fclb\u0151l min\u00e9l hamarabb c\u00e9lszer\u0171 elt\u00e1vol\u00edtani, hogy cs\u00f6kkents\u00fck a hall\u00f3j\u00e1rat \u00e9s a dobh\u00e1rtya s\u00e9r\u00fcl\u00e9s\u00e9nek es\u00e9ly\u00e9t. Nagyon gyakran csak b\u00f3d\u00edt\u00e1sban lehet a f\u00fclben l\u00e9v\u0151 idegen testet elt\u00e1vol\u00edtani, hiszen ez a kellemetlen beavatkoz\u00e1s tiltakoz\u00e1sra k\u00e9szteti a legnyugodtabb, legsz\u00f3fogad\u00f3bb ebet is.<\/p>\n<p align=\"JUSTIFY\">Viszonylag ritk\u00e1bban fordul el\u0151, de mindenk\u00e9ppen megeml\u00edtend\u0151, hogy a f\u0171ben t\u00f6rt\u00e9n\u0151 szimatol\u00e1ssal a tokl\u00e1sz az orrj\u00e1ratba is bejuthat. Ilyenkor hirtelen fell\u00e9p\u0151, szinte csillap\u00edthatatlan pr\u00fcszk\u00f6l\u00e9s, t\u00fcsszent\u00e9s, orrd\u00f6rzs\u00f6l\u00e9s l\u00e1that\u00f3, a k\u00f6vetkez\u0151 napokban v\u00e1lad\u00e9k \u00fcr\u00fcl\u00e9se az adott orrj\u00e1ratb\u00f3l. Az ezzel kapcsolatos vizsg\u00e1latok \u00e9s az ide jut\u00f3 tokl\u00e1szok elt\u00e1vol\u00edt\u00e1sa kicsit neh\u00e9zkes, de egy id\u0151ben t\u00f6rt\u00e9n\u0151 beavatkoz\u00e1s eset\u00e9n egy\u00e1ltal\u00e1n nem lehetetlen. A szint\u00e9n b\u00f3d\u00edt\u00e1sban v\u00e9gzend\u0151 vizsg\u00e1lat sor\u00e1n egy v\u00e9kony endoszk\u00f3ppal r\u00e9szletesen \u00e1tvizsg\u00e1lhat\u00f3 az orrj\u00e1rat \u00e9s egy kis rutinnal elt\u00e1vol\u00edthat\u00f3 a tokl\u00e1sz.<\/p>\n<p align=\"JUSTIFY\">Ritk\u00e1bb esetben a szem \u00e9s az ivarszervek ny\u00edl\u00e1sai is kedvez\u0151 bejut\u00e1si pontok lehetnek a tokl\u00e1sz sz\u00e1m\u00e1ra. A szemh\u00e9jak al\u00e1 jutott tokl\u00e1sz eset\u00e9ben hirtelen hunyorg\u00e1s, k\u00f6t\u0151h\u00e1rtya duzzanat \u00e9s kipirosod\u00e1s, v\u00e1lad\u00e9koz\u00e1s, valamint folyamatos szemd\u00f6rzs\u00f6l\u00e9s h\u00edvhatja fel a gazdi figyelm\u00e9t erre. Ilyenkor m\u00e9g nagyobb szerepet kap a gyors elt\u00e1vol\u00edt\u00e1s fontoss\u00e1ga, hiszen az \u00e9les, sz\u00far\u00f3s tokl\u00e1szr\u00e9szek komoly s\u00e9r\u00fcl\u00e9st okozhatnak a szaruh\u00e1rty\u00e1n. N\u0151st\u00e9ny kuty\u00e1kn\u00e1l a p\u00e9ra, kanokn\u00e1l pedig a tasak szolg\u00e1lhat m\u00e9g ide\u00e1lis bejut\u00e1si csatornak\u00e9nt, ezek folyamatos nyalogat\u00e1sa, esetleges v\u00e1lad\u00e9koz\u00e1sa mutathat r\u00e1 a probl\u00e9m\u00e1ra.<\/p>\n<h3>Mit tehet\u00fcnk ?<\/h3>\n<p align=\"JUSTIFY\">Sajnos a tokl\u00e1szt teljes biztons\u00e1ggal elker\u00fclni lehetetlen, viszont min\u00e9l hamarabb fedezz\u00fck fel, ann\u00e1l kisebb az es\u00e9ly, hogy hosszas \u00e9s f\u00e1jdalmas k\u00f6vetkezm\u00e9nyei legyenek. Fontos, hogy s\u00e9ta ut\u00e1n mindenk\u00e9ppen vizsg\u00e1ljuk \u00e1t (f\u00e9s\u00fclj\u00fck \u00e1t) kedvenc\u00fcnk bund\u00e1j\u00e1t, kiemelt figyelmet ford\u00edtva a l\u00e1bujjak \u00e9s a talpp\u00e1rn\u00e1k k\u00f6z\u00f6tti ter\u00fcletekre. Hosszabb sz\u0151r\u0171 fajt\u00e1k eset\u00e9ben mindenk\u00e9ppen aj\u00e1nlatos ezekr\u0151l a ter\u00fcletekr\u0151l a sz\u0151r kiny\u00edr\u00e1sa, mivel a r\u00f6videbb sz\u0151rben kisebb az es\u00e9ly a tokl\u00e1sz megkapaszkod\u00e1s\u00e1ra. Hosszabb f\u00fcl\u0171 kuty\u00e1k eset\u00e9n a f\u00fcl bels\u0151 oldal\u00e1r\u00f3l, valamint a f\u00fcl k\u00f6rny\u00e9k\u00e9r\u0151l is aj\u00e1nlott a sz\u0151rny\u00edr\u00e1s, ez\u00e1ltal a f\u00fcl is jobban szell\u0151zik.<\/p>\n<p align=\"JUSTIFY\">Mindezek ellen\u00e9re nem kell lemondanunk a term\u00e9szetben elt\u00f6lt\u00f6tt id\u0151r\u0151l, amennyiben odafigyel\u00fcnk a probl\u00e9m\u00e1ra \u00e9s baj eset\u00e9n mihamarabb \u00e1llatorvoshoz fordulunk, gond n\u00e9lk\u00fcl \u00e9lvezhetj\u00fck a s\u00e9t\u00e1kat kedvenc\u00fcnkkel.<\/p>\n<p>[\/et_pb_text][\/et_pb_column][\/et_pb_row][\/et_pb_section]<\/p>\n","protected":false},"excerpt":{"rendered":"<p>Tudnival\u00f3k tokl\u00e1szr\u00f3l Tokl\u00e1sz, rtg k\u00e9pen l\u00e1that\u00f3 gyullad\u00e1s, a tokl\u00e1sz darabok, \u00e9s a f\u00e1jdalmas tokl\u00e1sz gyullad\u00e1s Tokl\u00e1sz mez\u0151 Mi is az a &#8222;tokl\u00e1sz&#8221; A ny\u00e1ri szabadt\u00e9ri \u00e9lm\u00e9nyek elront\u00f3ja, jellegzetes vesz\u00e9lyforr\u00e1sa a tokl\u00e1sz. N\u00e9h\u00e1ny fontos tudnival\u00f3t \u00e9rdemes kiemelni ezzel kapcsolatban minden \u00e1llattart\u00f3 sz\u00e1m\u00e1ra.\u00a0A tokl\u00e1sz az eg\u00e9r\u00e1rpa (Hordeum murinum) nev\u0171 gyomn\u00f6v\u00e9ny megsz\u00e1radt, sz\u00e9tes\u0151 kal\u00e1sz\u00e1nak egy darabk\u00e1ja. A f\u0171 [&hellip;]<\/p>\n","protected":false},"author":1,"featured_media":25208,"parent":477,"menu_order":0,"comment_status":"closed","ping_status":"closed","template":"","meta":{"_et_pb_use_builder":"on","_et_pb_old_content":"","_et_gb_content_width":"","two_page_speed":[],"footnotes":""},"class_list":["post-481","page","type-page","status-publish","has-post-thumbnail","hentry"],"_links":{"self":[{"href":"https:\/\/www.kisallatkorhaz.hu\/cms\/wp-json\/wp\/v2\/pages\/481","targetHints":{"allow":["GET"]}}],"collection":[{"href":"https:\/\/www.kisallatkorhaz.hu\/cms\/wp-json\/wp\/v2\/pages"}],"about":[{"href":"https:\/\/www.kisallatkorhaz.hu\/cms\/wp-json\/wp\/v2\/types\/page"}],"author":[{"embeddable":true,"href":"https:\/\/www.kisallatkorhaz.hu\/cms\/wp-json\/wp\/v2\/users\/1"}],"replies":[{"embeddable":true,"href":"https:\/\/www.kisallatkorhaz.hu\/cms\/wp-json\/wp\/v2\/comments?post=481"}],"version-history":[{"count":14,"href":"https:\/\/www.kisallatkorhaz.hu\/cms\/wp-json\/wp\/v2\/pages\/481\/revisions"}],"predecessor-version":[{"id":483,"href":"https:\/\/www.kisallatkorhaz.hu\/cms\/wp-json\/wp\/v2\/pages\/481\/revisions\/483"}],"up":[{"embeddable":true,"href":"https:\/\/www.kisallatkorhaz.hu\/cms\/wp-json\/wp\/v2\/pages\/477"}],"wp:featuredmedia":[{"embeddable":true,"href":"https:\/\/www.kisallatkorhaz.hu\/cms\/wp-json\/wp\/v2\/media\/25208"}],"wp:attachment":[{"href":"https:\/\/www.kisallatkorhaz.hu\/cms\/wp-json\/wp\/v2\/media?parent=481"}],"curies":[{"name":"wp","href":"https:\/\/api.w.org\/{rel}","templated":true}]}}